{"id":15154,"date":"2025-05-29T09:07:02","date_gmt":"2025-05-29T09:07:02","guid":{"rendered":"https:\/\/elcielektronik.com\/?page_id=15154"},"modified":"2026-04-10T14:32:35","modified_gmt":"2026-04-10T14:32:35","slug":"blog","status":"publish","type":"page","link":"https:\/\/elcielektronik.com\/en\/blog\/","title":{"rendered":"Blog"},"content":{"rendered":"\t\t<div data-elementor-type=\"wp-page\" data-elementor-id=\"15154\" class=\"elementor elementor-15154\" data-elementor-post-type=\"page\">\n\t\t\t\t<div class=\"elementor-element elementor-element-622e1cf e-con-full wd-section-stretch e-flex e-con e-parent\" data-id=\"622e1cf\" data-element_type=\"container\" data-e-type=\"container\">\n\t\t\t\t<div class=\"elementor-element elementor-element-229cba6 elementor-grid-3 elementor-grid-tablet-2 elementor-grid-mobile-1 elementor-posts--thumbnail-top elementor-card-shadow-yes elementor-posts__hover-gradient elementor-widget elementor-widget-posts\" data-id=\"229cba6\" data-element_type=\"widget\" data-e-type=\"widget\" data-settings=\"{&quot;cards_columns&quot;:&quot;3&quot;,&quot;cards_columns_tablet&quot;:&quot;2&quot;,&quot;cards_columns_mobile&quot;:&quot;1&quot;,&quot;cards_row_gap&quot;:{&quot;unit&quot;:&quot;px&quot;,&quot;size&quot;:35,&quot;sizes&quot;:[]},&quot;cards_row_gap_tablet&quot;:{&quot;unit&quot;:&quot;px&quot;,&quot;size&quot;:&quot;&quot;,&quot;sizes&quot;:[]},&quot;cards_row_gap_mobile&quot;:{&quot;unit&quot;:&quot;px&quot;,&quot;size&quot;:&quot;&quot;,&quot;sizes&quot;:[]}}\" data-widget_type=\"posts.cards\">\n\t\t\t\t<div class=\"elementor-widget-container\">\n\t\t\t\t\t\t\t<div class=\"elementor-posts-container elementor-posts elementor-posts--skin-cards elementor-grid\" role=\"list\">\r\n\t\t\t\t<article class=\"elementor-post elementor-grid-item post-7073 post type-post status-publish format-standard hentry category-genel\" role=\"listitem\">\r\n\t\t\t<div class=\"elementor-post__card\">\r\n\t\t\t\t<div class=\"elementor-post__text\">\r\n\t\t\t\t<h3 class=\"elementor-post__title\">\r\n\t\t\t<a href=\"https:\/\/elcielektronik.com\/en\/otomotiv-klima-servisinde-sogutucu-gaz-analizinin-onemi-r134a-ve-r1234yf\/\" >\r\n\t\t\t\tOtomotiv Klima Servisinde So\u011futucu Gaz Analizinin \u00d6nemi (R134a ve R1234yf)\t\t\t<\/a>\r\n\t\t<\/h3>\r\n\t\t\t\t<div class=\"elementor-post__excerpt\">\r\n\t\t\t<p>[:tr] Otomotiv sekt\u00f6r\u00fcnde klima sistemleri i\u00e7in yayg\u0131n olarak kullan\u0131lan iki ana so\u011futucu gaz bulunmaktad\u0131r: R134a ve R1234yf. \u00c7evresel kayg\u0131lar nedeniyle<\/p>\n\t\t<\/div>\r\n\t\t\r\n\t\t<a class=\"elementor-post__read-more\" href=\"https:\/\/elcielektronik.com\/en\/otomotiv-klima-servisinde-sogutucu-gaz-analizinin-onemi-r134a-ve-r1234yf\/\" aria-label=\"Read more about Otomotiv Klima Servisinde So\u011futucu Gaz Analizinin \u00d6nemi (R134a ve R1234yf)\" tabindex=\"-1\" >\r\n\t\t\tDaha Fazla \u00bb\t\t<\/a>\r\n\r\n\t\t\t\t<\/div>\r\n\t\t\t\t\t<\/div>\r\n\t\t<\/article>\r\n\t\t\t\t<article class=\"elementor-post elementor-grid-item post-7038 post type-post status-publish format-standard hentry category-duyurular\" role=\"listitem\">\r\n\t\t\t<div class=\"elementor-post__card\">\r\n\t\t\t\t<div class=\"elementor-post__text\">\r\n\t\t\t\t<h3 class=\"elementor-post__title\">\r\n\t\t\t<a href=\"https:\/\/elcielektronik.com\/en\/elci-participated-in-automechanika-frankfurt-2022-fair\/\" >\r\n\t\t\t\tElci Participated in Automechanika Frankfurt 2022 Fair\t\t\t<\/a>\r\n\t\t<\/h3>\r\n\t\t\t\t<div class=\"elementor-post__excerpt\">\r\n\t\t\t<p>[:en] \u00a0September 13\u201317, 2022 Automechanika Frankfurt, one of the most important fairs of the automotive industry, was held between 13\u201317<\/p>\n\t\t<\/div>\r\n\t\t\r\n\t\t<a class=\"elementor-post__read-more\" href=\"https:\/\/elcielektronik.com\/en\/elci-participated-in-automechanika-frankfurt-2022-fair\/\" aria-label=\"Read more about Elci Participated in Automechanika Frankfurt 2022 Fair\" tabindex=\"-1\" >\r\n\t\t\tDaha Fazla \u00bb\t\t<\/a>\r\n\r\n\t\t\t\t<\/div>\r\n\t\t\t\t\t<\/div>\r\n\t\t<\/article>\r\n\t\t\t\t<article class=\"elementor-post elementor-grid-item post-7025 post type-post status-publish format-standard hentry category-duyurular\" role=\"listitem\">\r\n\t\t\t<div class=\"elementor-post__card\">\r\n\t\t\t\t<div class=\"elementor-post__text\">\r\n\t\t\t\t<h3 class=\"elementor-post__title\">\r\n\t\t\t<a href=\"https:\/\/elcielektronik.com\/en\/elci-participated-in-automechanika-frankfurt-2024-fair\/\" >\r\n\t\t\t\tElci Participated in Automechanika Frankfurt 2024 Fair\t\t\t<\/a>\r\n\t\t<\/h3>\r\n\t\t\t\t<div class=\"elementor-post__excerpt\">\r\n\t\t\t<p>[:en]https:\/\/elcielektronik.com\/wp-content\/uploads\/2025\/01\/WhatsApp-Video-2025-01-28-at-09.52.10.mp4 \u00a0 \u00a010\u201314 Eyl\u00fcl 2024 Otomotiv end\u00fcstrisinin en \u00f6nemli fuarlar\u0131ndan biri olan Automechanika Frankfurt fuar\u0131 10\u201314 Eyl\u00fcl 2024 tarihleri aras\u0131nda<\/p>\n\t\t<\/div>\r\n\t\t\r\n\t\t<a class=\"elementor-post__read-more\" href=\"https:\/\/elcielektronik.com\/en\/elci-participated-in-automechanika-frankfurt-2024-fair\/\" aria-label=\"Read more about Elci Participated in Automechanika Frankfurt 2024 Fair\" tabindex=\"-1\" >\r\n\t\t\tDaha Fazla \u00bb\t\t<\/a>\r\n\r\n\t\t\t\t<\/div>\r\n\t\t\t\t\t<\/div>\r\n\t\t<\/article>\r\n\t\t\t\t<article class=\"elementor-post elementor-grid-item post-7011 post type-post status-publish format-standard hentry category-duyurular\" role=\"listitem\">\r\n\t\t\t<div class=\"elementor-post__card\">\r\n\t\t\t\t<div class=\"elementor-post__text\">\r\n\t\t\t\t<h3 class=\"elementor-post__title\">\r\n\t\t\t<a href=\"https:\/\/elcielektronik.com\/en\/elci-automechanika-frankfurt-2024-fuarina-katildi\/\" >\r\n\t\t\t\tElci Automechanika Frankfurt 2024 Fuar\u0131na Kat\u0131ld\u0131\t\t\t<\/a>\r\n\t\t<\/h3>\r\n\t\t\t\t<div class=\"elementor-post__excerpt\">\r\n\t\t\t<p>[:en]https:\/\/elcielektronik.com\/wp-content\/uploads\/2025\/01\/WhatsApp-Video-2025-01-28-at-09.52.10.mp4 \u00a0 \u00a010\u201314 Eyl\u00fcl 2024 Otomotiv end\u00fcstrisinin en \u00f6nemli fuarlar\u0131ndan biri olan Automechanika Frankfurt fuar\u0131 10\u201314 Eyl\u00fcl 2024 tarihleri aras\u0131nda<\/p>\n\t\t<\/div>\r\n\t\t\r\n\t\t<a class=\"elementor-post__read-more\" href=\"https:\/\/elcielektronik.com\/en\/elci-automechanika-frankfurt-2024-fuarina-katildi\/\" aria-label=\"Read more about Elci Automechanika Frankfurt 2024 Fuar\u0131na Kat\u0131ld\u0131\" tabindex=\"-1\" >\r\n\t\t\tDaha Fazla \u00bb\t\t<\/a>\r\n\r\n\t\t\t\t<\/div>\r\n\t\t\t\t\t<\/div>\r\n\t\t<\/article>\r\n\t\t\t\t<article class=\"elementor-post elementor-grid-item post-6957 post type-post status-publish format-standard hentry category-duyurular\" role=\"listitem\">\r\n\t\t\t<div class=\"elementor-post__card\">\r\n\t\t\t\t<div class=\"elementor-post__text\">\r\n\t\t\t\t<h3 class=\"elementor-post__title\">\r\n\t\t\t<a href=\"https:\/\/elcielektronik.com\/en\/elci-automechanika-istanbul-2021-fuarina-katildi\/\" >\r\n\t\t\t\tElci Automechanika Istanbul 2021 Fuar\u0131na Kat\u0131ld\u0131\t\t\t<\/a>\r\n\t\t<\/h3>\r\n\t\t\t\t<div class=\"elementor-post__excerpt\">\r\n\t\t\t<p>[:en] \u00a0 18 \u2013 21 Kas\u0131m 2022 Otomotiv end\u00fcstrisinin en \u00f6nemli fuarlar\u0131ndan biri olan Automechanika Istanbul fuar\u0131 18 \u2013 21<\/p>\n\t\t<\/div>\r\n\t\t\r\n\t\t<a class=\"elementor-post__read-more\" href=\"https:\/\/elcielektronik.com\/en\/elci-automechanika-istanbul-2021-fuarina-katildi\/\" aria-label=\"Read more about Elci Automechanika Istanbul 2021 Fuar\u0131na Kat\u0131ld\u0131\" tabindex=\"-1\" >\r\n\t\t\tDaha Fazla \u00bb\t\t<\/a>\r\n\r\n\t\t\t\t<\/div>\r\n\t\t\t\t\t<\/div>\r\n\t\t<\/article>\r\n\t\t\t\t<article class=\"elementor-post elementor-grid-item post-6876 post type-post status-publish format-standard hentry category-duyurular\" role=\"listitem\">\r\n\t\t\t<div class=\"elementor-post__card\">\r\n\t\t\t\t<div class=\"elementor-post__text\">\r\n\t\t\t\t<h3 class=\"elementor-post__title\">\r\n\t\t\t<a href=\"https:\/\/elcielektronik.com\/en\/elci-automechanika-frankfurt-2022-fuarina-katildi\/\" >\r\n\t\t\t\tElci Automechanika Frankfurt 2022 Fuar\u0131na Kat\u0131ld\u0131\t\t\t<\/a>\r\n\t\t<\/h3>\r\n\t\t\t\t<div class=\"elementor-post__excerpt\">\r\n\t\t\t<p>[:en] \u00a0 \u00a013\u201317 Eyl\u00fcl 2022 Otomotiv end\u00fcstrisinin en \u00f6nemli fuarlar\u0131ndan biri olan Automechanika Frankfurt fuar\u013113\u201317 Eyl\u00fcl 2022 tarihleri aras\u0131nda Frankfurt\u00a0<\/p>\n\t\t<\/div>\r\n\t\t\r\n\t\t<a class=\"elementor-post__read-more\" href=\"https:\/\/elcielektronik.com\/en\/elci-automechanika-frankfurt-2022-fuarina-katildi\/\" aria-label=\"Read more about Elci Automechanika Frankfurt 2022 Fuar\u0131na Kat\u0131ld\u0131\" tabindex=\"-1\" >\r\n\t\t\tDaha Fazla \u00bb\t\t<\/a>\r\n\r\n\t\t\t\t<\/div>\r\n\t\t\t\t\t<\/div>\r\n\t\t<\/article>\r\n\t\t\t\t<article class=\"elementor-post elementor-grid-item post-6520 post type-post status-publish format-standard hentry category-genel\" role=\"listitem\">\r\n\t\t\t<div class=\"elementor-post__card\">\r\n\t\t\t\t<div class=\"elementor-post__text\">\r\n\t\t\t\t<h3 class=\"elementor-post__title\">\r\n\t\t\t<a href=\"https:\/\/elcielektronik.com\/en\/katalog_2025\/\" >\r\n\t\t\t\tKATALOG_2025\t\t\t<\/a>\r\n\t\t<\/h3>\r\n\t\t\t\t<div class=\"elementor-post__excerpt\">\r\n\t\t\t<p>[:tr][flipbook id=&#8221;20&#8243;][:]<\/p>\n\t\t<\/div>\r\n\t\t\r\n\t\t<a class=\"elementor-post__read-more\" href=\"https:\/\/elcielektronik.com\/en\/katalog_2025\/\" aria-label=\"Read more about KATALOG_2025\" tabindex=\"-1\" >\r\n\t\t\tDaha Fazla \u00bb\t\t<\/a>\r\n\r\n\t\t\t\t<\/div>\r\n\t\t\t\t\t<\/div>\r\n\t\t<\/article>\r\n\t\t\t\t<article class=\"elementor-post elementor-grid-item post-5893 post type-post status-publish format-standard hentry category-duyurular\" role=\"listitem\">\r\n\t\t\t<div class=\"elementor-post__card\">\r\n\t\t\t\t<div class=\"elementor-post__text\">\r\n\t\t\t\t<h3 class=\"elementor-post__title\">\r\n\t\t\t<a href=\"https:\/\/elcielektronik.com\/en\/elci-automechanika-istanbul-2019-fuarina-katildi\/\" >\r\n\t\t\t\tElci Automechanika Istanbul 2019 Fuar\u0131na Kat\u0131ld\u0131\t\t\t<\/a>\r\n\t\t<\/h3>\r\n\t\t\t\t<div class=\"elementor-post__excerpt\">\r\n\t\t\t<p>[:tr] 4 \u2013 7 Nisan 2019 Otomotiv end\u00fcstrisinin en \u00f6nemli fuarlar\u0131ndan biri olan Automechanika Istanbul fuar\u0131 4 \u2013 7 Nisan<\/p>\n\t\t<\/div>\r\n\t\t\r\n\t\t<a class=\"elementor-post__read-more\" href=\"https:\/\/elcielektronik.com\/en\/elci-automechanika-istanbul-2019-fuarina-katildi\/\" aria-label=\"Read more about Elci Automechanika Istanbul 2019 Fuar\u0131na Kat\u0131ld\u0131\" tabindex=\"-1\" >\r\n\t\t\tDaha Fazla \u00bb\t\t<\/a>\r\n\r\n\t\t\t\t<\/div>\r\n\t\t\t\t\t<\/div>\r\n\t\t<\/article>\r\n\t\t\t\t<article class=\"elementor-post elementor-grid-item post-4013 post type-post status-publish format-standard has-post-thumbnail hentry category-genel\" role=\"listitem\">\r\n\t\t\t<div class=\"elementor-post__card\">\r\n\t\t\t\t<div class=\"elementor-post__text\">\r\n\t\t\t\t<h3 class=\"elementor-post__title\">\r\n\t\t\t<a href=\"https:\/\/elcielektronik.com\/en\/ozon-nedir-koronaya-karsi-ozon-jenaretoru\/\" >\r\n\t\t\t\tOzon Nedir? Korona&#8217;ya kar\u015f\u0131 ozon jenaret\u00f6r\u00fc\t\t\t<\/a>\r\n\t\t<\/h3>\r\n\t\t\t\t<div class=\"elementor-post__excerpt\">\r\n\t\t\t<p>[:tr] Ozon, \u00fc\u00e7 oksijen atomundan olu\u015fan oda s\u0131cakl\u0131\u011f\u0131nda renksiz, karakteristik kokusu olan bir gazd\u0131r (O3). Ozon Jenerat\u00f6rleri, Oksijen molek\u00fcl\u00fc (O2)<\/p>\n\t\t<\/div>\r\n\t\t\r\n\t\t<a class=\"elementor-post__read-more\" href=\"https:\/\/elcielektronik.com\/en\/ozon-nedir-koronaya-karsi-ozon-jenaretoru\/\" aria-label=\"Read more about Ozon Nedir? Korona&#8217;ya kar\u015f\u0131 ozon jenaret\u00f6r\u00fc\" tabindex=\"-1\" >\r\n\t\t\tDaha Fazla \u00bb\t\t<\/a>\r\n\r\n\t\t\t\t<\/div>\r\n\t\t\t\t\t<\/div>\r\n\t\t<\/article>\r\n\t\t\t\t<article class=\"elementor-post elementor-grid-item post-3704 post type-post status-publish format-standard hentry category-genel\" role=\"listitem\">\r\n\t\t\t<div class=\"elementor-post__card\">\r\n\t\t\t\t<div class=\"elementor-post__text\">\r\n\t\t\t\t<h3 class=\"elementor-post__title\">\r\n\t\t\t<a href=\"https:\/\/elcielektronik.com\/en\/ozon-ve-ozon-jeneratoru\/\" >\r\n\t\t\t\tOzon ve Ozon Jenerat\u00f6r\u00fc\t\t\t<\/a>\r\n\t\t<\/h3>\r\n\t\t\t\t<div class=\"elementor-post__excerpt\">\r\n\t\t\t<p>[:tr] OZON NED\u0130R? Ozon, \u00fc\u00e7 oksijen atomundan olu\u015fan oda s\u0131cakl\u0131\u011f\u0131nda renksiz, karakteristik kokusu olan bir gazd\u0131r (O3). Ozon gaz\u0131 oksidasyonu<\/p>\n\t\t<\/div>\r\n\t\t\r\n\t\t<a class=\"elementor-post__read-more\" href=\"https:\/\/elcielektronik.com\/en\/ozon-ve-ozon-jeneratoru\/\" aria-label=\"Read more about Ozon ve Ozon Jenerat\u00f6r\u00fc\" tabindex=\"-1\" >\r\n\t\t\tDaha Fazla \u00bb\t\t<\/a>\r\n\r\n\t\t\t\t<\/div>\r\n\t\t\t\t\t<\/div>\r\n\t\t<\/article>\r\n\t\t\t\t<article class=\"elementor-post elementor-grid-item post-3699 post type-post status-publish format-standard hentry category-genel\" role=\"listitem\">\r\n\t\t\t<div class=\"elementor-post__card\">\r\n\t\t\t\t<div class=\"elementor-post__text\">\r\n\t\t\t\t<h3 class=\"elementor-post__title\">\r\n\t\t\t<a href=\"https:\/\/elcielektronik.com\/en\/ozon-gazinin-virus-ve-bakteriler-uzerindeki-etkileri\/\" >\r\n\t\t\t\tOzon Gaz\u0131n\u0131n Vir\u00fcs ve Bakteriler \u00dczerindeki Etkileri\t\t\t<\/a>\r\n\t\t<\/h3>\r\n\t\t\t\t<div class=\"elementor-post__excerpt\">\r\n\t\t\t<p>[:tr] Ozon En Kuvvetli, Tek Do\u011fal Dezenfektand\u0131r. Ozon, oksidasyon g\u00fcc\u00fc y\u00fcksek bir gazd\u0131r ve bilinen en kuvvetli dezenfektand\u0131r. \u00d6zellikle son<\/p>\n\t\t<\/div>\r\n\t\t\r\n\t\t<a class=\"elementor-post__read-more\" href=\"https:\/\/elcielektronik.com\/en\/ozon-gazinin-virus-ve-bakteriler-uzerindeki-etkileri\/\" aria-label=\"Read more about Ozon Gaz\u0131n\u0131n Vir\u00fcs ve Bakteriler \u00dczerindeki Etkileri\" tabindex=\"-1\" >\r\n\t\t\tDaha Fazla \u00bb\t\t<\/a>\r\n\r\n\t\t\t\t<\/div>\r\n\t\t\t\t\t<\/div>\r\n\t\t<\/article>\r\n\t\t\t\t<article class=\"elementor-post elementor-grid-item post-3696 post type-post status-publish format-standard hentry category-genel\" role=\"listitem\">\r\n\t\t\t<div class=\"elementor-post__card\">\r\n\t\t\t\t<div class=\"elementor-post__text\">\r\n\t\t\t\t<h3 class=\"elementor-post__title\">\r\n\t\t\t<a href=\"https:\/\/elcielektronik.com\/en\/ozon-jeneratoru-alirken-nelere-dikkat-etmeliyiz\/\" >\r\n\t\t\t\tOzon Jenerat\u00f6r\u00fc Al\u0131rken Nelere Dikkat Etmeliyiz?\t\t\t<\/a>\r\n\t\t<\/h3>\r\n\t\t\t\t<div class=\"elementor-post__excerpt\">\r\n\t\t\t<p>[:tr] 1.F\u0130YATINDAN \u00d6NCE OZON \u00dcRET\u0130M KAPAS\u0130TES\u0130N\u0130 KONTROL ED\u0130N. D\u00fc\u015f\u00fck kapasiteli cihazlar\u0131n etkisi az oldu\u011fu i\u00e7in daha uzun s\u00fcre \u00e7al\u0131\u015ft\u0131rman\u0131z gerekecektir.<\/p>\n\t\t<\/div>\r\n\t\t\r\n\t\t<a class=\"elementor-post__read-more\" href=\"https:\/\/elcielektronik.com\/en\/ozon-jeneratoru-alirken-nelere-dikkat-etmeliyiz\/\" aria-label=\"Read more about Ozon Jenerat\u00f6r\u00fc Al\u0131rken Nelere Dikkat Etmeliyiz?\" tabindex=\"-1\" >\r\n\t\t\tDaha Fazla \u00bb\t\t<\/a>\r\n\r\n\t\t\t\t<\/div>\r\n\t\t\t\t\t<\/div>\r\n\t\t<\/article>\r\n\t\t\t\t<article class=\"elementor-post elementor-grid-item post-3689 post type-post status-publish format-standard hentry category-duyurular\" role=\"listitem\">\r\n\t\t\t<div class=\"elementor-post__card\">\r\n\t\t\t\t<div class=\"elementor-post__text\">\r\n\t\t\t\t<h3 class=\"elementor-post__title\">\r\n\t\t\t<a href=\"https:\/\/elcielektronik.com\/en\/elci-automechanika-istanbul-2024-fuarina-katildi\/\" >\r\n\t\t\t\tElci Automechanika Istanbul 2024 Fuar\u0131na Kat\u0131ld\u0131\t\t\t<\/a>\r\n\t\t<\/h3>\r\n\t\t\t\t<div class=\"elementor-post__excerpt\">\r\n\t\t\t<p>[:en] \u00a0 23\u201326 May\u0131s 2024 Otomotiv end\u00fcstrisinin en \u00f6nemli fuarlar\u0131ndan biri olan Automechanika \u0130stanbul fuar\u0131 23\u201326 May\u0131s 2024 tarihleri aras\u0131nda<\/p>\n\t\t<\/div>\r\n\t\t\r\n\t\t<a class=\"elementor-post__read-more\" href=\"https:\/\/elcielektronik.com\/en\/elci-automechanika-istanbul-2024-fuarina-katildi\/\" aria-label=\"Read more about Elci Automechanika Istanbul 2024 Fuar\u0131na Kat\u0131ld\u0131\" tabindex=\"-1\" >\r\n\t\t\tDaha Fazla \u00bb\t\t<\/a>\r\n\r\n\t\t\t\t<\/div>\r\n\t\t\t\t\t<\/div>\r\n\t\t<\/article>\r\n\t\t\t\t<\/div>\r\n\t\t\r\n\t\t\t\t\t\t<\/div>\n\t\t\t\t<\/div>\n\t\t\t\t<\/div>\n\t\t\t\t<\/div>\n\t\t","protected":false},"excerpt":{"rendered":"","protected":false},"author":1,"featured_media":0,"parent":0,"menu_order":0,"comment_status":"closed","ping_status":"closed","template":"","meta":{"_joinchat":[],"footnotes":""},"class_list":["post-15154","page","type-page","status-publish","hentry"],"aioseo_notices":[],"_links":{"self":[{"href":"https:\/\/elcielektronik.com\/en\/wp-json\/wp\/v2\/pages\/15154","targetHints":{"allow":["GET"]}}],"collection":[{"href":"https:\/\/elcielektronik.com\/en\/wp-json\/wp\/v2\/pages"}],"about":[{"href":"https:\/\/elcielektronik.com\/en\/wp-json\/wp\/v2\/types\/page"}],"author":[{"embeddable":true,"href":"https:\/\/elcielektronik.com\/en\/wp-json\/wp\/v2\/users\/1"}],"replies":[{"embeddable":true,"href":"https:\/\/elcielektronik.com\/en\/wp-json\/wp\/v2\/comments?post=15154"}],"version-history":[{"count":34,"href":"https:\/\/elcielektronik.com\/en\/wp-json\/wp\/v2\/pages\/15154\/revisions"}],"predecessor-version":[{"id":18044,"href":"https:\/\/elcielektronik.com\/en\/wp-json\/wp\/v2\/pages\/15154\/revisions\/18044"}],"wp:attachment":[{"href":"https:\/\/elcielektronik.com\/en\/wp-json\/wp\/v2\/media?parent=15154"}],"curies":[{"name":"wp","href":"https:\/\/api.w.org\/{rel}","templated":true}]}}