{"id":16577,"date":"2026-01-30T10:02:11","date_gmt":"2026-01-30T10:02:11","guid":{"rendered":"https:\/\/elcielektronik.com\/?page_id=16577"},"modified":"2026-04-10T14:54:45","modified_gmt":"2026-04-10T14:54:45","slug":"our-certificates","status":"publish","type":"page","link":"https:\/\/elcielektronik.com\/en\/sertifikalarimiz\/","title":{"rendered":"Our Certificates"},"content":{"rendered":"<div data-elementor-type=\"wp-page\" data-elementor-id=\"16577\" class=\"elementor elementor-16577\" data-elementor-post-type=\"page\">\n\t\t\t\t\t\t<section class=\"wd-negative-gap elementor-section elementor-top-section elementor-element elementor-element-8fba9e2 elementor-reverse-mobile elementor-section-full_width elementor-section-stretched elementor-section-height-default elementor-section-height-default\" data-id=\"8fba9e2\" data-element_type=\"section\" data-e-type=\"section\" data-settings=\"{&quot;background_background&quot;:&quot;classic&quot;,&quot;stretch_section&quot;:&quot;section-stretched&quot;}\">\n\t\t\t\t\t\t<div class=\"elementor-container elementor-column-gap-no\">\n\t\t\t\t\t<div class=\"elementor-column elementor-col-100 elementor-top-column elementor-element elementor-element-b114766\" data-id=\"b114766\" data-element_type=\"column\" data-e-type=\"column\">\n\t\t\t<div class=\"elementor-widget-wrap elementor-element-populated\">\n\t\t\t\t\t\t<div class=\"elementor-element elementor-element-1dad1c4 elementor-widget__width-initial wd-width-100 elementor-widget elementor-widget-wd_title\" data-id=\"1dad1c4\" data-element_type=\"widget\" data-e-type=\"widget\" data-widget_type=\"wd_title.default\">\n\t\t\t\t<div class=\"elementor-widget-container\">\n\t\t\t\t\t\t\t<div class=\"title-wrapper wd-set-mb reset-last-child wd-title-color-default wd-title-style-default wd-title-size-large text-left\">\n\n\t\t\t\n\t\t\t<div class=\"liner-continer\">\n\t\t\t\t<h4 class=\"woodmart-title-container title wd-fontsize-xxl wd-underline-colored translation-block\"><span style=\"color: #00a852\">ELC\u0130 <\/span>ELECTRONIC AIR CONDITIONING<\/h4> \n\t\t\t\t\t\t\t<\/div>\n\n\t\t\t\t\t<\/div>\n\t\t\t\t\t\t<\/div>\n\t\t\t\t<\/div>\n\t\t\t\t<div class=\"elementor-element elementor-element-3fcfaeb elementor-widget__width-initial wd-width-100 elementor-widget elementor-widget-wd_title\" data-id=\"3fcfaeb\" data-element_type=\"widget\" data-e-type=\"widget\" data-widget_type=\"wd_title.default\">\n\t\t\t\t<div class=\"elementor-widget-container\">\n\t\t\t\t\t\t\t<div class=\"title-wrapper wd-set-mb reset-last-child wd-title-color-default wd-title-style-default wd-title-size-large text-left\">\n\n\t\t\t\n\t\t\t<div class=\"liner-continer\">\n\t\t\t\t<h4 class=\"woodmart-title-container title wd-fontsize-xxl wd-underline-colored\"><span style=\"color: #00a852\">Our Certificates<\/span><\/h4> \n\t\t\t\t\t\t\t<\/div>\n\n\t\t\t\t\t<\/div>\n\t\t\t\t\t\t<\/div>\n\t\t\t\t<\/div>\n\t\t<div class=\"elementor-element elementor-element-21d800a e-con-full wd-section-stretch e-flex e-con e-parent\" data-id=\"21d800a\" data-element_type=\"container\" data-e-type=\"container\">\n\t\t<div class=\"elementor-element elementor-element-9e5c082 e-con-full e-flex e-con e-child\" data-id=\"9e5c082\" data-element_type=\"container\" data-e-type=\"container\">\n\t\t\t\t<div class=\"elementor-element elementor-element-d881081 gallery-spacing-custom elementor-hidden-mobile elementor-widget elementor-widget-image-gallery\" data-id=\"d881081\" data-element_type=\"widget\" data-e-type=\"widget\" data-widget_type=\"image-gallery.default\">\n\t\t\t\t\t\t\t<div class=\"elementor-image-gallery\">\n\t\t\t\n\t\t<style type=\"text\/css\">\n\t\t\t#gallery-1 {\n\t\t\t\tmargin: auto;\n\t\t\t}\n\t\t\t#gallery-1 .gallery-item {\n\t\t\t\tfloat: left;\n\t\t\t\tmargin-top: 10px;\n\t\t\t\ttext-align: center;\n\t\t\t\twidth: 20%;\n\t\t\t}\n\t\t\t#gallery-1 img {\n\t\t\t\tborder: 2px solid #cfcfcf;\n\t\t\t}\n\t\t\t#gallery-1 .gallery-caption {\n\t\t\t\tmargin-left: 0;\n\t\t\t}\n\t\t\t\/* see gallery_shortcode() in wp-includes\/media.php *\/\n\t\t<\/style>\n\t\t<div id='gallery-1' class='gallery galleryid-16577 gallery-columns-5 gallery-size-full'><dl class='gallery-item'>\n\t\t\t<dt class='gallery-icon portrait'>\n\t\t\t\t<a data-elementor-open-lightbox=\"yes\" data-elementor-lightbox-slideshow=\"d881081\" data-elementor-lightbox-title=\"ce_ozon-210x300@2x\" data-e-action-hash=\"#elementor-action%3Aaction%3Dlightbox%26settings%3DeyJpZCI6MTY1NzksInVybCI6Imh0dHBzOlwvXC9lbGNpZWxla3Ryb25pay5jb21cL3dwLWNvbnRlbnRcL3VwbG9hZHNcLzIwMjZcLzAxXC9jZV9vem9uLTIxMHgzMDBAMnguanBnIiwic2xpZGVzaG93IjoiZDg4MTA4MSJ9\" href='https:\/\/elcielektronik.com\/wp-content\/uploads\/2026\/01\/ce_ozon-210x300@2x.jpg'><img loading=\"lazy\" decoding=\"async\" width=\"420\" height=\"600\" src=\"https:\/\/elcielektronik.com\/wp-content\/uploads\/2026\/01\/ce_ozon-210x300@2x.jpg\" class=\"attachment-full size-full\" alt=\"\" srcset=\"https:\/\/elcielektronik.com\/wp-content\/uploads\/2026\/01\/ce_ozon-210x300@2x.jpg 420w, https:\/\/elcielektronik.com\/wp-content\/uploads\/2026\/01\/ce_ozon-210x300@2x-210x300.jpg 210w, https:\/\/elcielektronik.com\/wp-content\/uploads\/2026\/01\/ce_ozon-210x300@2x-8x12.jpg 8w, https:\/\/elcielektronik.com\/wp-content\/uploads\/2026\/01\/ce_ozon-210x300@2x-150x214.jpg 150w\" sizes=\"auto, (max-width: 420px) 100vw, 420px\" \/><\/a>\n\t\t\t<\/dt><\/dl><dl class='gallery-item'>\n\t\t\t<dt class='gallery-icon portrait'>\n\t\t\t\t<a data-elementor-open-lightbox=\"yes\" data-elementor-lightbox-slideshow=\"d881081\" data-elementor-lightbox-title=\"ce_ugunluk2-600x856\" data-e-action-hash=\"#elementor-action%3Aaction%3Dlightbox%26settings%3DeyJpZCI6MTY1ODAsInVybCI6Imh0dHBzOlwvXC9lbGNpZWxla3Ryb25pay5jb21cL3dwLWNvbnRlbnRcL3VwbG9hZHNcLzIwMjZcLzAxXC9jZV91Z3VubHVrMi02MDB4ODU2LTEuanBnIiwic2xpZGVzaG93IjoiZDg4MTA4MSJ9\" href='https:\/\/elcielektronik.com\/wp-content\/uploads\/2026\/01\/ce_ugunluk2-600x856-1.jpg'><img loading=\"lazy\" decoding=\"async\" width=\"600\" height=\"856\" src=\"https:\/\/elcielektronik.com\/wp-content\/uploads\/2026\/01\/ce_ugunluk2-600x856-1.jpg\" class=\"attachment-full size-full\" alt=\"\" srcset=\"https:\/\/elcielektronik.com\/wp-content\/uploads\/2026\/01\/ce_ugunluk2-600x856-1.jpg 600w, https:\/\/elcielektronik.com\/wp-content\/uploads\/2026\/01\/ce_ugunluk2-600x856-1-210x300.jpg 210w, https:\/\/elcielektronik.com\/wp-content\/uploads\/2026\/01\/ce_ugunluk2-600x856-1-561x800.jpg 561w, https:\/\/elcielektronik.com\/wp-content\/uploads\/2026\/01\/ce_ugunluk2-600x856-1-8x12.jpg 8w, https:\/\/elcielektronik.com\/wp-content\/uploads\/2026\/01\/ce_ugunluk2-600x856-1-430x613.jpg 430w, https:\/\/elcielektronik.com\/wp-content\/uploads\/2026\/01\/ce_ugunluk2-600x856-1-150x214.jpg 150w\" sizes=\"auto, (max-width: 600px) 100vw, 600px\" \/><\/a>\n\t\t\t<\/dt><\/dl><dl class='gallery-item'>\n\t\t\t<dt class='gallery-icon portrait'>\n\t\t\t\t<a data-elementor-open-lightbox=\"yes\" data-elementor-lightbox-slideshow=\"d881081\" data-elementor-lightbox-title=\"hizmet_yeterlilik_2014-600x856\" data-e-action-hash=\"#elementor-action%3Aaction%3Dlightbox%26settings%3DeyJpZCI6MTY1ODEsInVybCI6Imh0dHBzOlwvXC9lbGNpZWxla3Ryb25pay5jb21cL3dwLWNvbnRlbnRcL3VwbG9hZHNcLzIwMjZcLzAxXC9oaXptZXRfeWV0ZXJsaWxpa18yMDE0LTYwMHg4NTYtMS5wbmciLCJzbGlkZXNob3ciOiJkODgxMDgxIn0%3D\" href='https:\/\/elcielektronik.com\/wp-content\/uploads\/2026\/01\/hizmet_yeterlilik_2014-600x856-1.png'><img loading=\"lazy\" decoding=\"async\" width=\"600\" height=\"856\" src=\"https:\/\/elcielektronik.com\/wp-content\/uploads\/2026\/01\/hizmet_yeterlilik_2014-600x856-1.png\" class=\"attachment-full size-full\" alt=\"\" srcset=\"https:\/\/elcielektronik.com\/wp-content\/uploads\/2026\/01\/hizmet_yeterlilik_2014-600x856-1.png 600w, https:\/\/elcielektronik.com\/wp-content\/uploads\/2026\/01\/hizmet_yeterlilik_2014-600x856-1-210x300.png 210w, https:\/\/elcielektronik.com\/wp-content\/uploads\/2026\/01\/hizmet_yeterlilik_2014-600x856-1-561x800.png 561w, https:\/\/elcielektronik.com\/wp-content\/uploads\/2026\/01\/hizmet_yeterlilik_2014-600x856-1-8x12.png 8w, https:\/\/elcielektronik.com\/wp-content\/uploads\/2026\/01\/hizmet_yeterlilik_2014-600x856-1-430x613.png 430w, https:\/\/elcielektronik.com\/wp-content\/uploads\/2026\/01\/hizmet_yeterlilik_2014-600x856-1-150x214.png 150w\" sizes=\"auto, (max-width: 600px) 100vw, 600px\" \/><\/a>\n\t\t\t<\/dt><\/dl><dl class='gallery-item'>\n\t\t\t<dt class='gallery-icon portrait'>\n\t\t\t\t<a data-elementor-open-lightbox=\"yes\" data-elementor-lightbox-slideshow=\"d881081\" data-elementor-lightbox-title=\"iso9001_en-600x855\" data-e-action-hash=\"#elementor-action%3Aaction%3Dlightbox%26settings%3DeyJpZCI6MTY1ODIsInVybCI6Imh0dHBzOlwvXC9lbGNpZWxla3Ryb25pay5jb21cL3dwLWNvbnRlbnRcL3VwbG9hZHNcLzIwMjZcLzAxXC9pc285MDAxX2VuLTYwMHg4NTUtMS5wbmciLCJzbGlkZXNob3ciOiJkODgxMDgxIn0%3D\" href='https:\/\/elcielektronik.com\/wp-content\/uploads\/2026\/01\/iso9001_en-600x855-1.png'><img loading=\"lazy\" decoding=\"async\" width=\"600\" height=\"855\" src=\"https:\/\/elcielektronik.com\/wp-content\/uploads\/2026\/01\/iso9001_en-600x855-1.png\" class=\"attachment-full size-full\" alt=\"\" srcset=\"https:\/\/elcielektronik.com\/wp-content\/uploads\/2026\/01\/iso9001_en-600x855-1.png 600w, https:\/\/elcielektronik.com\/wp-content\/uploads\/2026\/01\/iso9001_en-600x855-1-211x300.png 211w, https:\/\/elcielektronik.com\/wp-content\/uploads\/2026\/01\/iso9001_en-600x855-1-561x800.png 561w, https:\/\/elcielektronik.com\/wp-content\/uploads\/2026\/01\/iso9001_en-600x855-1-8x12.png 8w, https:\/\/elcielektronik.com\/wp-content\/uploads\/2026\/01\/iso9001_en-600x855-1-430x613.png 430w, https:\/\/elcielektronik.com\/wp-content\/uploads\/2026\/01\/iso9001_en-600x855-1-150x214.png 150w\" sizes=\"auto, (max-width: 600px) 100vw, 600px\" \/><\/a>\n\t\t\t<\/dt><\/dl><dl class='gallery-item'>\n\t\t\t<dt class='gallery-icon portrait'>\n\t\t\t\t<a data-elementor-open-lightbox=\"yes\" data-elementor-lightbox-slideshow=\"d881081\" data-elementor-lightbox-title=\"marka_tescil-600x856\" data-e-action-hash=\"#elementor-action%3Aaction%3Dlightbox%26settings%3DeyJpZCI6MTY1ODMsInVybCI6Imh0dHBzOlwvXC9lbGNpZWxla3Ryb25pay5jb21cL3dwLWNvbnRlbnRcL3VwbG9hZHNcLzIwMjZcLzAxXC9tYXJrYV90ZXNjaWwtNjAweDg1Ni0xLmpwZyIsInNsaWRlc2hvdyI6ImQ4ODEwODEifQ%3D%3D\" href='https:\/\/elcielektronik.com\/wp-content\/uploads\/2026\/01\/marka_tescil-600x856-1.jpg'><img loading=\"lazy\" decoding=\"async\" width=\"600\" height=\"856\" src=\"https:\/\/elcielektronik.com\/wp-content\/uploads\/2026\/01\/marka_tescil-600x856-1.jpg\" class=\"attachment-full size-full\" alt=\"\" srcset=\"https:\/\/elcielektronik.com\/wp-content\/uploads\/2026\/01\/marka_tescil-600x856-1.jpg 600w, https:\/\/elcielektronik.com\/wp-content\/uploads\/2026\/01\/marka_tescil-600x856-1-210x300.jpg 210w, https:\/\/elcielektronik.com\/wp-content\/uploads\/2026\/01\/marka_tescil-600x856-1-561x800.jpg 561w, https:\/\/elcielektronik.com\/wp-content\/uploads\/2026\/01\/marka_tescil-600x856-1-8x12.jpg 8w, https:\/\/elcielektronik.com\/wp-content\/uploads\/2026\/01\/marka_tescil-600x856-1-430x613.jpg 430w, https:\/\/elcielektronik.com\/wp-content\/uploads\/2026\/01\/marka_tescil-600x856-1-150x214.jpg 150w\" sizes=\"auto, (max-width: 600px) 100vw, 600px\" \/><\/a>\n\t\t\t<\/dt><\/dl><br style=\"clear: both\" \/>\n\t\t<\/div>\n\t\t<\/div>\n\t\t\t\t\t\t<\/div>\n\t\t\t\t<div class=\"elementor-element elementor-element-2b6d484 gallery-spacing-custom elementor-hidden-desktop elementor-hidden-tablet elementor-widget elementor-widget-image-gallery\" data-id=\"2b6d484\" data-element_type=\"widget\" data-e-type=\"widget\" data-widget_type=\"image-gallery.default\">\n\t\t\t\t\t\t\t<div class=\"elementor-image-gallery\">\n\t\t\t\n\t\t<style type=\"text\/css\">\n\t\t\t#gallery-2 {\n\t\t\t\tmargin: auto;\n\t\t\t}\n\t\t\t#gallery-2 .gallery-item {\n\t\t\t\tfloat: left;\n\t\t\t\tmargin-top: 10px;\n\t\t\t\ttext-align: center;\n\t\t\t\twidth: 50%;\n\t\t\t}\n\t\t\t#gallery-2 img {\n\t\t\t\tborder: 2px solid #cfcfcf;\n\t\t\t}\n\t\t\t#gallery-2 .gallery-caption {\n\t\t\t\tmargin-left: 0;\n\t\t\t}\n\t\t\t\/* see gallery_shortcode() in wp-includes\/media.php *\/\n\t\t<\/style>\n\t\t<div id='gallery-2' class='gallery galleryid-16577 gallery-columns-2 gallery-size-full'><dl class='gallery-item'>\n\t\t\t<dt class='gallery-icon portrait'>\n\t\t\t\t<a data-elementor-open-lightbox=\"yes\" data-elementor-lightbox-slideshow=\"2b6d484\" data-elementor-lightbox-title=\"ce_ozon-210x300@2x\" data-e-action-hash=\"#elementor-action%3Aaction%3Dlightbox%26settings%3DeyJpZCI6MTY1NzksInVybCI6Imh0dHBzOlwvXC9lbGNpZWxla3Ryb25pay5jb21cL3dwLWNvbnRlbnRcL3VwbG9hZHNcLzIwMjZcLzAxXC9jZV9vem9uLTIxMHgzMDBAMnguanBnIiwic2xpZGVzaG93IjoiMmI2ZDQ4NCJ9\" href='https:\/\/elcielektronik.com\/wp-content\/uploads\/2026\/01\/ce_ozon-210x300@2x.jpg'><img loading=\"lazy\" decoding=\"async\" width=\"420\" height=\"600\" src=\"https:\/\/elcielektronik.com\/wp-content\/uploads\/2026\/01\/ce_ozon-210x300@2x.jpg\" class=\"attachment-full size-full\" alt=\"\" srcset=\"https:\/\/elcielektronik.com\/wp-content\/uploads\/2026\/01\/ce_ozon-210x300@2x.jpg 420w, https:\/\/elcielektronik.com\/wp-content\/uploads\/2026\/01\/ce_ozon-210x300@2x-210x300.jpg 210w, https:\/\/elcielektronik.com\/wp-content\/uploads\/2026\/01\/ce_ozon-210x300@2x-8x12.jpg 8w, https:\/\/elcielektronik.com\/wp-content\/uploads\/2026\/01\/ce_ozon-210x300@2x-150x214.jpg 150w\" sizes=\"auto, (max-width: 420px) 100vw, 420px\" \/><\/a>\n\t\t\t<\/dt><\/dl><dl class='gallery-item'>\n\t\t\t<dt class='gallery-icon portrait'>\n\t\t\t\t<a data-elementor-open-lightbox=\"yes\" data-elementor-lightbox-slideshow=\"2b6d484\" data-elementor-lightbox-title=\"ce_ugunluk2-600x856\" data-e-action-hash=\"#elementor-action%3Aaction%3Dlightbox%26settings%3DeyJpZCI6MTY1ODAsInVybCI6Imh0dHBzOlwvXC9lbGNpZWxla3Ryb25pay5jb21cL3dwLWNvbnRlbnRcL3VwbG9hZHNcLzIwMjZcLzAxXC9jZV91Z3VubHVrMi02MDB4ODU2LTEuanBnIiwic2xpZGVzaG93IjoiMmI2ZDQ4NCJ9\" href='https:\/\/elcielektronik.com\/wp-content\/uploads\/2026\/01\/ce_ugunluk2-600x856-1.jpg'><img loading=\"lazy\" decoding=\"async\" width=\"600\" height=\"856\" src=\"https:\/\/elcielektronik.com\/wp-content\/uploads\/2026\/01\/ce_ugunluk2-600x856-1.jpg\" class=\"attachment-full size-full\" alt=\"\" srcset=\"https:\/\/elcielektronik.com\/wp-content\/uploads\/2026\/01\/ce_ugunluk2-600x856-1.jpg 600w, https:\/\/elcielektronik.com\/wp-content\/uploads\/2026\/01\/ce_ugunluk2-600x856-1-210x300.jpg 210w, https:\/\/elcielektronik.com\/wp-content\/uploads\/2026\/01\/ce_ugunluk2-600x856-1-561x800.jpg 561w, https:\/\/elcielektronik.com\/wp-content\/uploads\/2026\/01\/ce_ugunluk2-600x856-1-8x12.jpg 8w, https:\/\/elcielektronik.com\/wp-content\/uploads\/2026\/01\/ce_ugunluk2-600x856-1-430x613.jpg 430w, https:\/\/elcielektronik.com\/wp-content\/uploads\/2026\/01\/ce_ugunluk2-600x856-1-150x214.jpg 150w\" sizes=\"auto, (max-width: 600px) 100vw, 600px\" \/><\/a>\n\t\t\t<\/dt><\/dl><br style=\"clear: both\" \/><dl class='gallery-item'>\n\t\t\t<dt class='gallery-icon portrait'>\n\t\t\t\t<a data-elementor-open-lightbox=\"yes\" data-elementor-lightbox-slideshow=\"2b6d484\" data-elementor-lightbox-title=\"hizmet_yeterlilik_2014-600x856\" data-e-action-hash=\"#elementor-action%3Aaction%3Dlightbox%26settings%3DeyJpZCI6MTY1ODEsInVybCI6Imh0dHBzOlwvXC9lbGNpZWxla3Ryb25pay5jb21cL3dwLWNvbnRlbnRcL3VwbG9hZHNcLzIwMjZcLzAxXC9oaXptZXRfeWV0ZXJsaWxpa18yMDE0LTYwMHg4NTYtMS5wbmciLCJzbGlkZXNob3ciOiIyYjZkNDg0In0%3D\" href='https:\/\/elcielektronik.com\/wp-content\/uploads\/2026\/01\/hizmet_yeterlilik_2014-600x856-1.png'><img loading=\"lazy\" decoding=\"async\" width=\"600\" height=\"856\" src=\"https:\/\/elcielektronik.com\/wp-content\/uploads\/2026\/01\/hizmet_yeterlilik_2014-600x856-1.png\" class=\"attachment-full size-full\" alt=\"\" srcset=\"https:\/\/elcielektronik.com\/wp-content\/uploads\/2026\/01\/hizmet_yeterlilik_2014-600x856-1.png 600w, https:\/\/elcielektronik.com\/wp-content\/uploads\/2026\/01\/hizmet_yeterlilik_2014-600x856-1-210x300.png 210w, https:\/\/elcielektronik.com\/wp-content\/uploads\/2026\/01\/hizmet_yeterlilik_2014-600x856-1-561x800.png 561w, https:\/\/elcielektronik.com\/wp-content\/uploads\/2026\/01\/hizmet_yeterlilik_2014-600x856-1-8x12.png 8w, https:\/\/elcielektronik.com\/wp-content\/uploads\/2026\/01\/hizmet_yeterlilik_2014-600x856-1-430x613.png 430w, https:\/\/elcielektronik.com\/wp-content\/uploads\/2026\/01\/hizmet_yeterlilik_2014-600x856-1-150x214.png 150w\" sizes=\"auto, (max-width: 600px) 100vw, 600px\" \/><\/a>\n\t\t\t<\/dt><\/dl><dl class='gallery-item'>\n\t\t\t<dt class='gallery-icon portrait'>\n\t\t\t\t<a data-elementor-open-lightbox=\"yes\" data-elementor-lightbox-slideshow=\"2b6d484\" data-elementor-lightbox-title=\"iso9001_en-600x855\" data-e-action-hash=\"#elementor-action%3Aaction%3Dlightbox%26settings%3DeyJpZCI6MTY1ODIsInVybCI6Imh0dHBzOlwvXC9lbGNpZWxla3Ryb25pay5jb21cL3dwLWNvbnRlbnRcL3VwbG9hZHNcLzIwMjZcLzAxXC9pc285MDAxX2VuLTYwMHg4NTUtMS5wbmciLCJzbGlkZXNob3ciOiIyYjZkNDg0In0%3D\" href='https:\/\/elcielektronik.com\/wp-content\/uploads\/2026\/01\/iso9001_en-600x855-1.png'><img loading=\"lazy\" decoding=\"async\" width=\"600\" height=\"855\" src=\"https:\/\/elcielektronik.com\/wp-content\/uploads\/2026\/01\/iso9001_en-600x855-1.png\" class=\"attachment-full size-full\" alt=\"\" srcset=\"https:\/\/elcielektronik.com\/wp-content\/uploads\/2026\/01\/iso9001_en-600x855-1.png 600w, https:\/\/elcielektronik.com\/wp-content\/uploads\/2026\/01\/iso9001_en-600x855-1-211x300.png 211w, https:\/\/elcielektronik.com\/wp-content\/uploads\/2026\/01\/iso9001_en-600x855-1-561x800.png 561w, https:\/\/elcielektronik.com\/wp-content\/uploads\/2026\/01\/iso9001_en-600x855-1-8x12.png 8w, https:\/\/elcielektronik.com\/wp-content\/uploads\/2026\/01\/iso9001_en-600x855-1-430x613.png 430w, https:\/\/elcielektronik.com\/wp-content\/uploads\/2026\/01\/iso9001_en-600x855-1-150x214.png 150w\" sizes=\"auto, (max-width: 600px) 100vw, 600px\" \/><\/a>\n\t\t\t<\/dt><\/dl><br style=\"clear: both\" \/><dl class='gallery-item'>\n\t\t\t<dt class='gallery-icon portrait'>\n\t\t\t\t<a data-elementor-open-lightbox=\"yes\" data-elementor-lightbox-slideshow=\"2b6d484\" data-elementor-lightbox-title=\"marka_tescil-600x856\" data-e-action-hash=\"#elementor-action%3Aaction%3Dlightbox%26settings%3DeyJpZCI6MTY1ODMsInVybCI6Imh0dHBzOlwvXC9lbGNpZWxla3Ryb25pay5jb21cL3dwLWNvbnRlbnRcL3VwbG9hZHNcLzIwMjZcLzAxXC9tYXJrYV90ZXNjaWwtNjAweDg1Ni0xLmpwZyIsInNsaWRlc2hvdyI6IjJiNmQ0ODQifQ%3D%3D\" href='https:\/\/elcielektronik.com\/wp-content\/uploads\/2026\/01\/marka_tescil-600x856-1.jpg'><img loading=\"lazy\" decoding=\"async\" width=\"600\" height=\"856\" src=\"https:\/\/elcielektronik.com\/wp-content\/uploads\/2026\/01\/marka_tescil-600x856-1.jpg\" class=\"attachment-full size-full\" alt=\"\" srcset=\"https:\/\/elcielektronik.com\/wp-content\/uploads\/2026\/01\/marka_tescil-600x856-1.jpg 600w, https:\/\/elcielektronik.com\/wp-content\/uploads\/2026\/01\/marka_tescil-600x856-1-210x300.jpg 210w, https:\/\/elcielektronik.com\/wp-content\/uploads\/2026\/01\/marka_tescil-600x856-1-561x800.jpg 561w, https:\/\/elcielektronik.com\/wp-content\/uploads\/2026\/01\/marka_tescil-600x856-1-8x12.jpg 8w, https:\/\/elcielektronik.com\/wp-content\/uploads\/2026\/01\/marka_tescil-600x856-1-430x613.jpg 430w, https:\/\/elcielektronik.com\/wp-content\/uploads\/2026\/01\/marka_tescil-600x856-1-150x214.jpg 150w\" sizes=\"auto, (max-width: 600px) 100vw, 600px\" \/><\/a>\n\t\t\t<\/dt><\/dl>\n\t\t\t<br style='clear: both' \/>\n\t\t<\/div>\n\t\t<\/div>\n\t\t\t\t\t\t<\/div>\n\t\t\t\t<\/div>\n\t\t\t\t<\/div>\n\t\t\t\t\t<\/div>\n\t\t<\/div>\n\t\t\t\t\t<\/div>\n\t\t<\/section>\n\t\t\t\t<\/div>","protected":false},"excerpt":{"rendered":"<p>ELC\u0130 ELEKTRONIK KL\u0130MA Sertifikalar\u0131m\u0131z &nbsp; &nbsp; &nbsp; &nbsp; &nbsp;<\/p>","protected":false},"author":1,"featured_media":0,"parent":0,"menu_order":0,"comment_status":"closed","ping_status":"closed","template":"","meta":{"_joinchat":[],"footnotes":""},"class_list":["post-16577","page","type-page","status-publish","hentry"],"aioseo_notices":[],"_links":{"self":[{"href":"https:\/\/elcielektronik.com\/en\/wp-json\/wp\/v2\/pages\/16577","targetHints":{"allow":["GET"]}}],"collection":[{"href":"https:\/\/elcielektronik.com\/en\/wp-json\/wp\/v2\/pages"}],"about":[{"href":"https:\/\/elcielektronik.com\/en\/wp-json\/wp\/v2\/types\/page"}],"author":[{"embeddable":true,"href":"https:\/\/elcielektronik.com\/en\/wp-json\/wp\/v2\/users\/1"}],"replies":[{"embeddable":true,"href":"https:\/\/elcielektronik.com\/en\/wp-json\/wp\/v2\/comments?post=16577"}],"version-history":[{"count":11,"href":"https:\/\/elcielektronik.com\/en\/wp-json\/wp\/v2\/pages\/16577\/revisions"}],"predecessor-version":[{"id":18423,"href":"https:\/\/elcielektronik.com\/en\/wp-json\/wp\/v2\/pages\/16577\/revisions\/18423"}],"wp:attachment":[{"href":"https:\/\/elcielektronik.com\/en\/wp-json\/wp\/v2\/media?parent=16577"}],"curies":[{"name":"wp","href":"https:\/\/api.w.org\/{rel}","templated":true}]}}