{"id":16602,"date":"2026-01-30T13:02:17","date_gmt":"2026-01-30T13:02:17","guid":{"rendered":"https:\/\/elcielektronik.com\/?page_id=16602"},"modified":"2026-04-10T14:49:05","modified_gmt":"2026-04-10T14:49:05","slug":"our-quality-policy","status":"publish","type":"page","link":"https:\/\/elcielektronik.com\/en\/kalite-politikamiz\/","title":{"rendered":"Our Quality Policy"},"content":{"rendered":"<div data-elementor-type=\"wp-page\" data-elementor-id=\"16602\" class=\"elementor elementor-16602\" data-elementor-post-type=\"page\">\n\t\t\t\t\t\t<section class=\"wd-negative-gap elementor-section elementor-top-section elementor-element elementor-element-8fba9e2 elementor-reverse-mobile elementor-section-full_width elementor-section-stretched elementor-section-height-default elementor-section-height-default\" data-id=\"8fba9e2\" data-element_type=\"section\" data-e-type=\"section\" data-settings=\"{&quot;background_background&quot;:&quot;classic&quot;,&quot;stretch_section&quot;:&quot;section-stretched&quot;}\">\n\t\t\t\t\t\t<div class=\"elementor-container elementor-column-gap-no\">\n\t\t\t\t\t<div class=\"elementor-column elementor-col-100 elementor-top-column elementor-element elementor-element-b114766\" data-id=\"b114766\" data-element_type=\"column\" data-e-type=\"column\">\n\t\t\t<div class=\"elementor-widget-wrap elementor-element-populated\">\n\t\t\t\t\t\t<div class=\"elementor-element elementor-element-1dad1c4 elementor-widget__width-initial wd-width-100 elementor-widget elementor-widget-wd_title\" data-id=\"1dad1c4\" data-element_type=\"widget\" data-e-type=\"widget\" data-widget_type=\"wd_title.default\">\n\t\t\t\t<div class=\"elementor-widget-container\">\n\t\t\t\t\t\t\t<div class=\"title-wrapper wd-set-mb reset-last-child wd-title-color-default wd-title-style-default wd-title-size-large text-left\">\n\n\t\t\t\n\t\t\t<div class=\"liner-continer\">\n\t\t\t\t<h4 class=\"woodmart-title-container title wd-fontsize-xxl wd-underline-colored\"><\/h4> \n\t\t\t\t\t\t\t<\/div>\n\n\t\t\t\t\t<\/div>\n\t\t\t\t\t\t<\/div>\n\t\t\t\t<\/div>\n\t\t\t\t<div class=\"elementor-element elementor-element-3fcfaeb elementor-widget__width-initial wd-width-100 elementor-widget elementor-widget-wd_title\" data-id=\"3fcfaeb\" data-element_type=\"widget\" data-e-type=\"widget\" data-widget_type=\"wd_title.default\">\n\t\t\t\t<div class=\"elementor-widget-container\">\n\t\t\t\t\t\t\t<div class=\"title-wrapper wd-set-mb reset-last-child wd-title-color-default wd-title-style-shadow wd-title-size-large text-left\">\n\n\t\t\t\n\t\t\t<div class=\"liner-continer\">\n\t\t\t\t<h4 class=\"woodmart-title-container title wd-fontsize-xxl wd-underline-colored\"><span style=\"color: #00a852\">Our Quality Policy<\/span><\/h4> \n\t\t\t\t\t\t\t<\/div>\n\n\t\t\t\t\t<\/div>\n\t\t\t\t\t\t<\/div>\n\t\t\t\t<\/div>\n\t\t<div class=\"elementor-element elementor-element-cf54471 e-con-full e-flex e-con e-parent\" data-id=\"cf54471\" data-element_type=\"container\" data-e-type=\"container\">\n\t\t<div class=\"elementor-element elementor-element-53c75c1 e-con-full e-flex e-con e-child\" data-id=\"53c75c1\" data-element_type=\"container\" data-e-type=\"container\">\n\t\t\t\t<div class=\"elementor-element elementor-element-3e7144a color-scheme-inherit text-left elementor-widget elementor-widget-text-editor\" data-id=\"3e7144a\" data-element_type=\"widget\" data-e-type=\"widget\" data-widget_type=\"text-editor.default\">\n\t\t\t\t\t\t\t\t\t<section class=\"elementor-section elementor-top-section elementor-element elementor-element-015bd30 elementor-section-boxed elementor-section-height-default elementor-section-height-default\" data-id=\"015bd30\" data-element_type=\"section\"><div class=\"elementor-container elementor-column-gap-default\"><div class=\"elementor-column elementor-col-100 elementor-top-column elementor-element elementor-element-195f282\" data-id=\"195f282\" data-element_type=\"column\"><div class=\"elementor-widget-wrap elementor-element-populated\"><div class=\"elementor-element elementor-element-c1eeec4 elementor-widget elementor-widget-heading\" data-id=\"c1eeec4\" data-element_type=\"widget\" data-widget_type=\"heading.default\"><div class=\"elementor-widget-container\"><h2 class=\"elementor-heading-title elementor-size-large\">Our Quality Policy<\/h2><\/div><\/div><\/div><\/div><\/div><\/section><section class=\"elementor-section elementor-top-section elementor-element elementor-element-2875986 elementor-section-boxed elementor-section-height-default elementor-section-height-default\" data-id=\"2875986\" data-element_type=\"section\"><div class=\"elementor-container elementor-column-gap-default\"><div class=\"elementor-column elementor-col-100 elementor-top-column elementor-element elementor-element-fa2f5d6\" data-id=\"fa2f5d6\" data-element_type=\"column\"><div class=\"elementor-widget-wrap elementor-element-populated\"><div class=\"elementor-element elementor-element-8dc6894 elementor-widget elementor-widget-text-editor\" data-id=\"8dc6894\" data-element_type=\"widget\" data-widget_type=\"text-editor.default\"><div class=\"elementor-widget-container\"><p>Our goals include documenting, certifying, and continuously improving our quality management system to meet the requirements of the ISO 9001 standard; meeting the needs and expectations of our internal and external customers and ensuring continuous customer satisfaction; producing reliable products that are environmentally responsible and do not harm human, animal, or environmental health; ensuring the continuous participation of all employees in activities to develop and improve the quality system; and making continuous improvements to offer our customers the highest quality products at the most competitive prices.<\/p><\/div><\/div><\/div><\/div><\/div><\/section><section class=\"elementor-section elementor-top-section elementor-element elementor-element-27563d2 elementor-section-boxed elementor-section-height-default elementor-section-height-default\" data-id=\"27563d2\" data-element_type=\"section\"><div class=\"elementor-container elementor-column-gap-default\"><div class=\"elementor-column elementor-col-100 elementor-top-column elementor-element elementor-element-214f91c\" data-id=\"214f91c\" data-element_type=\"column\"><div class=\"elementor-widget-wrap elementor-element-populated\"><div class=\"elementor-element elementor-element-a3164e1 elementor-widget elementor-widget-heading\" data-id=\"a3164e1\" data-element_type=\"widget\" data-widget_type=\"heading.default\"><div class=\"elementor-widget-container\"><h2 class=\"elementor-heading-title elementor-size-large\">Our mission<\/h2><h2 class=\"elementor-heading-title elementor-size-large\"><span style=\"color: #333333; font-size: 16px;\">In the automotive sector, our goal is to produce user-friendly, environmentally friendly, reliable, and innovative devices using the most advanced technologies.<\/span><\/h2><\/div><\/div><\/div><\/div><\/div><\/section><section class=\"elementor-section elementor-top-section elementor-element elementor-element-e869894 elementor-section-boxed elementor-section-height-default elementor-section-height-default\" data-id=\"e869894\" data-element_type=\"section\"><div class=\"elementor-container elementor-column-gap-default\"><div class=\"elementor-column elementor-col-100 elementor-top-column elementor-element elementor-element-5473d33\" data-id=\"5473d33\" data-element_type=\"column\"><div class=\"elementor-widget-wrap elementor-element-populated\"><div class=\"elementor-element elementor-element-3d3a94a elementor-widget elementor-widget-text-editor\" data-id=\"3d3a94a\" data-element_type=\"widget\" data-widget_type=\"text-editor.default\"><div class=\"elementor-widget-container\"><p class=\"p1\"><span class=\"s1\">Our goal is to provide high-quality products under the most favorable conditions by accurately analyzing customer needs, and to maintain the highest level of customer satisfaction through our after-sales support processes.<\/span><\/p><p class=\"p1\"><span class=\"s1\">Our goal is to continuously improve our quality management systems, ensure sustainable improvement through employee participation, and become a leading brand in the sector known for its reliability.<\/span><\/p><\/div><\/div><\/div><\/div><\/div><\/section><section class=\"elementor-section elementor-top-section elementor-element elementor-element-cd0e661 elementor-section-boxed elementor-section-height-default elementor-section-height-default\" data-id=\"cd0e661\" data-element_type=\"section\"><div class=\"elementor-container elementor-column-gap-default\"><div class=\"elementor-column elementor-col-100 elementor-top-column elementor-element elementor-element-dff11a2\" data-id=\"dff11a2\" data-element_type=\"column\"><div class=\"elementor-widget-wrap elementor-element-populated\"><div class=\"elementor-element elementor-element-04a0316 elementor-widget elementor-widget-heading\" data-id=\"04a0316\" data-element_type=\"widget\" data-widget_type=\"heading.default\"><div class=\"elementor-widget-container\"><h2 class=\"elementor-heading-title elementor-size-large\">Our Vision<\/h2><\/div><\/div><\/div><\/div><\/div><\/section><section class=\"elementor-section elementor-top-section elementor-element elementor-element-fc08b97 elementor-section-boxed elementor-section-height-default elementor-section-height-default\" data-id=\"fc08b97\" data-element_type=\"section\"><div class=\"elementor-container elementor-column-gap-default\"><div class=\"elementor-column elementor-col-100 elementor-top-column elementor-element elementor-element-3e85dc7\" data-id=\"3e85dc7\" data-element_type=\"column\"><div class=\"elementor-widget-wrap elementor-element-populated\"><div class=\"elementor-element elementor-element-fd9ef7d elementor-widget elementor-widget-text-editor\" data-id=\"fd9ef7d\" data-element_type=\"widget\" data-widget_type=\"text-editor.default\"><div class=\"elementor-widget-container\"><p class=\"p1\"><span class=\"s1\">Our goal is to strengthen our leading position in the Turkish market and become a competitive and preferred brand in the global market.<\/span><\/p><p class=\"p1\"><span class=\"s1\">With our approach centered on technology, quality, and customer satisfaction, we aim to be a leading brand in the sector with our innovative products, ensuring sustainable growth and achieving high international recognition.<\/span><\/p><\/div><\/div><\/div><\/div><\/div><\/section>\t\t\t\t\t\t\t\t<\/div>\n\t\t\t\t<\/div>\n\t\t\t\t<\/div>\n\t\t\t\t\t<\/div>\n\t\t<\/div>\n\t\t\t\t\t<\/div>\n\t\t<\/section>\n\t\t\t\t<\/div>","protected":false},"excerpt":{"rendered":"<p>&nbsp; Kalite Politikam\u0131z Kalite Politikam\u0131z Kalite y\u00f6netim sistemimizin ISO 9001 standard\u0131n\u0131n gereklerini yerine getirecek \u015fekilde dok\u00fcmante edilmesi, belgelendirilmesi ve s\u00fcrekli<\/p>","protected":false},"author":1,"featured_media":0,"parent":0,"menu_order":0,"comment_status":"closed","ping_status":"closed","template":"","meta":{"_joinchat":[],"footnotes":""},"class_list":["post-16602","page","type-page","status-publish","hentry"],"aioseo_notices":[],"_links":{"self":[{"href":"https:\/\/elcielektronik.com\/en\/wp-json\/wp\/v2\/pages\/16602","targetHints":{"allow":["GET"]}}],"collection":[{"href":"https:\/\/elcielektronik.com\/en\/wp-json\/wp\/v2\/pages"}],"about":[{"href":"https:\/\/elcielektronik.com\/en\/wp-json\/wp\/v2\/types\/page"}],"author":[{"embeddable":true,"href":"https:\/\/elcielektronik.com\/en\/wp-json\/wp\/v2\/users\/1"}],"replies":[{"embeddable":true,"href":"https:\/\/elcielektronik.com\/en\/wp-json\/wp\/v2\/comments?post=16602"}],"version-history":[{"count":14,"href":"https:\/\/elcielektronik.com\/en\/wp-json\/wp\/v2\/pages\/16602\/revisions"}],"predecessor-version":[{"id":18413,"href":"https:\/\/elcielektronik.com\/en\/wp-json\/wp\/v2\/pages\/16602\/revisions\/18413"}],"wp:attachment":[{"href":"https:\/\/elcielektronik.com\/en\/wp-json\/wp\/v2\/media?parent=16602"}],"curies":[{"name":"wp","href":"https:\/\/api.w.org\/{rel}","templated":true}]}}