{"id":18126,"date":"2026-02-23T22:11:23","date_gmt":"2026-02-23T22:11:23","guid":{"rendered":"https:\/\/elcielektronik.com\/?page_id=18126"},"modified":"2026-04-10T14:34:50","modified_gmt":"2026-04-10T14:34:50","slug":"arac-baglanti-adaptorleri","status":"publish","type":"page","link":"https:\/\/elcielektronik.com\/en\/arac-baglanti-adaptorleri\/","title":{"rendered":"Vehicle Connection Adapters"},"content":{"rendered":"<div data-elementor-type=\"wp-page\" data-elementor-id=\"18126\" class=\"elementor elementor-18126\" data-elementor-post-type=\"page\">\n\t\t\t\t<div class=\"elementor-element elementor-element-25b5b341 e-con-full wd-section-stretch elementor-hidden-mobile e-flex e-con e-parent\" data-id=\"25b5b341\" data-element_type=\"container\" data-e-type=\"container\" data-settings=\"{&quot;background_background&quot;:&quot;classic&quot;}\">\n\t\t<div class=\"wd-negative-gap elementor-element elementor-element-4df88c8 e-flex e-con-boxed e-con e-child\" data-id=\"4df88c8\" data-element_type=\"container\" data-e-type=\"container\" data-settings=\"{&quot;background_background&quot;:&quot;classic&quot;}\">\n\t\t\t\t\t<div class=\"e-con-inner\">\n\t\t<div class=\"elementor-element elementor-element-79fbb57 e-con-full e-flex e-con e-child\" data-id=\"79fbb57\" data-element_type=\"container\" data-e-type=\"container\">\n\t\t\t\t<div class=\"elementor-element elementor-element-1b9cb02 elementor-widget elementor-widget-heading\" data-id=\"1b9cb02\" data-element_type=\"widget\" data-e-type=\"widget\" data-widget_type=\"heading.default\">\n\t\t\t\t\t<h2 class=\"elementor-heading-title elementor-size-default\">R1234YF Italian Low Pressure Gas Supply Valve <\/h2>\t\t\t\t<\/div>\n\t\t\t\t<div class=\"elementor-element elementor-element-91ae4b9 text-center wd-el-breadcrumbs elementor-widget elementor-widget-wd_element_breadcrumbs\" data-id=\"91ae4b9\" data-element_type=\"widget\" data-e-type=\"widget\" data-widget_type=\"wd_element_breadcrumbs.default\">\n\t\t\t\t<div class=\"elementor-widget-container\">\n\t\t\t\t\t<nav class=\"wd-breadcrumbs\"><a href=\"https:\/\/elcielektronik.com\/en\/\">Home<\/a><span class=\"wd-delimiter\"><\/span><span class=\"wd-last\">Page<\/span><\/nav>\t\t\t\t<\/div>\n\t\t\t\t<\/div>\n\t\t\t\t<\/div>\n\t\t\t\t\t<\/div>\n\t\t\t\t<\/div>\n\t\t\t\t<\/div>\n\t\t<div class=\"elementor-element elementor-element-402a19e e-con-full wd-section-stretch elementor-hidden-mobile e-flex e-con e-parent\" data-id=\"402a19e\" data-element_type=\"container\" data-e-type=\"container\" data-settings=\"{&quot;background_background&quot;:&quot;classic&quot;}\">\n\t\t<div class=\"elementor-element elementor-element-a2a09ce e-con-full e-flex e-con e-child\" data-id=\"a2a09ce\" data-element_type=\"container\" data-e-type=\"container\">\n\t\t\t\t<div class=\"elementor-element elementor-element-e068250 elementor-widget elementor-widget-heading\" data-id=\"e068250\" data-element_type=\"widget\" data-e-type=\"widget\" data-widget_type=\"heading.default\">\n\t\t\t\t\t<h2 class=\"elementor-heading-title elementor-size-default\">R1234YF Italian Low Pressure Gas Supply Valve<\/h2>\t\t\t\t<\/div>\n\t\t\t\t<div class=\"elementor-element elementor-element-7f77077 color-scheme-inherit text-left elementor-widget elementor-widget-text-editor\" data-id=\"7f77077\" data-element_type=\"widget\" data-e-type=\"widget\" data-widget_type=\"text-editor.default\">\n\t\t\t\t\t\t\t\t\t<p>Quick couplings for air conditioning systems are designed to efficiently manage charging systems used in the automotive sector. Therefore, we have developed a quick coupling for refrigerant R1234yf made of anodized aluminum with special HNBR seals. The design and compact dimensions of these quick couplings for cooling systems make them easy to use and prevent accidental disconnections.<\/p><div>Suitable for all vehicles using R1234yf refrigerant.<\/div><div>It won't allow gas flow when the adapter isn't connected.<\/div>\t\t\t\t\t\t\t\t<\/div>\n\t\t<div class=\"elementor-element elementor-element-c7c947b e-con-full e-flex e-con e-child\" data-id=\"c7c947b\" data-element_type=\"container\" data-e-type=\"container\">\n\t\t\t\t<div class=\"elementor-element elementor-element-7edad66 elementor-widget elementor-widget-wd_button\" data-id=\"7edad66\" data-element_type=\"widget\" data-e-type=\"widget\" data-widget_type=\"wd_button.default\">\n\t\t\t\t<div class=\"elementor-widget-container\">\n\t\t\t\t\t\t\t<div class=\"wd-button-wrapper text-left\" >\n\t\t\t<a class=\"btn btn-style-bordered btn-shape-semi-round btn-size-large btn-color-black btn-icon-pos-right\"  href=\"https:\/\/www.elcimarketim.com\/urun\/italyan-alcak-basinc-gaz-verme-vanasi-adaptor-r1234yf\">\n\t\t\t\t<span class=\"wd-btn-text\" data-elementor-setting-key=\"text\">\n\t\t\t\t\tRead More\t\t\t\t<\/span>\n\n\t\t\t\t\t\t\t<\/a>\n\t\t<\/div>\n\t\t\t\t\t\t<\/div>\n\t\t\t\t<\/div>\n\t\t\t\t<\/div>\n\t\t\t\t<\/div>\n\t\t<div class=\"elementor-element elementor-element-40dbf47 e-con-full e-flex e-con e-child\" data-id=\"40dbf47\" data-element_type=\"container\" data-e-type=\"container\">\n\t\t\t\t<div class=\"elementor-element elementor-element-50ce966 elementor-widget elementor-widget-image\" data-id=\"50ce966\" data-element_type=\"widget\" data-e-type=\"widget\" data-widget_type=\"image.default\">\n\t\t\t\t\t\t\t\t\t\t\t\t\t\t\t<img decoding=\"async\" src=\"https:\/\/elcielektronik.com\/wp-content\/uploads\/elementor\/thumbs\/Untitled-design-6-6-rjliddu5azruoepws5wmv9inb0pvw8uoqucjyxvybs.png\" title=\"Untitled design (6)\" alt=\"Untitled design (6)\" loading=\"lazy\" \/>\t\t\t\t\t\t\t\t\t\t\t\t\t\t\t<\/div>\n\t\t\t\t<\/div>\n\t\t\t\t<\/div>\n\t\t<div class=\"elementor-element elementor-element-85c89eb e-con-full wd-section-stretch elementor-hidden-desktop elementor-hidden-tablet e-flex e-con e-parent\" data-id=\"85c89eb\" data-element_type=\"container\" data-e-type=\"container\" data-settings=\"{&quot;background_background&quot;:&quot;classic&quot;}\">\n\t\t<div class=\"elementor-element elementor-element-3c1242f e-con-full e-flex e-con e-child\" data-id=\"3c1242f\" data-element_type=\"container\" data-e-type=\"container\">\n\t\t\t\t<div class=\"elementor-element elementor-element-45c7f8a elementor-widget elementor-widget-image\" data-id=\"45c7f8a\" data-element_type=\"widget\" data-e-type=\"widget\" data-widget_type=\"image.default\">\n\t\t\t\t\t\t\t\t\t\t\t\t\t\t\t<img decoding=\"async\" src=\"https:\/\/elcielektronik.com\/wp-content\/uploads\/elementor\/thumbs\/Untitled-design-6-6-rjliddu5azruoepws5wmv9inb0pvw8uoqucjyxvybs.png\" title=\"Untitled design (6)\" alt=\"Untitled design (6)\" loading=\"lazy\" \/>\t\t\t\t\t\t\t\t\t\t\t\t\t\t\t<\/div>\n\t\t\t\t<\/div>\n\t\t<div class=\"elementor-element elementor-element-04b860f e-con-full e-flex e-con e-child\" data-id=\"04b860f\" data-element_type=\"container\" data-e-type=\"container\">\n\t\t\t\t<div class=\"elementor-element elementor-element-c0cf53e elementor-widget elementor-widget-heading\" data-id=\"c0cf53e\" data-element_type=\"widget\" data-e-type=\"widget\" data-widget_type=\"heading.default\">\n\t\t\t\t\t<h2 class=\"elementor-heading-title elementor-size-default\">R1234YF Italian Low Pressure Gas Supply Valve<\/h2>\t\t\t\t<\/div>\n\t\t\t\t<div class=\"elementor-element elementor-element-616c711 color-scheme-inherit text-left elementor-widget elementor-widget-text-editor\" data-id=\"616c711\" data-element_type=\"widget\" data-e-type=\"widget\" data-widget_type=\"text-editor.default\">\n\t\t\t\t\t\t\t\t\t<p>Quick couplings for air conditioning systems are designed to efficiently manage charging systems used in the automotive sector. Therefore, we have developed a quick coupling for refrigerant R1234yf made of anodized aluminum with special HNBR seals. The design and compact dimensions of these quick couplings for cooling systems make them easy to use and prevent accidental disconnections.<\/p><div>Suitable for all vehicles using R1234yf refrigerant.<\/div><div>It won't allow gas flow when the adapter isn't connected.<\/div>\t\t\t\t\t\t\t\t<\/div>\n\t\t\t\t<div class=\"elementor-element elementor-element-4555b77 color-scheme-inherit text-left elementor-widget elementor-widget-text-editor\" data-id=\"4555b77\" data-element_type=\"widget\" data-e-type=\"widget\" data-widget_type=\"text-editor.default\">\n\t\t\t\t\t\t\t\t\t<p class=\"translation-block\"><strong>Instructions for Use:<\/strong><br><em>Shake the can. Hold the can upright and spray onto the surface from a distance of 25-30cm.<\/em><\/p>\t\t\t\t\t\t\t\t<\/div>\n\t\t<div class=\"elementor-element elementor-element-6cc8c24 e-con-full e-flex e-con e-child\" data-id=\"6cc8c24\" data-element_type=\"container\" data-e-type=\"container\">\n\t\t\t\t<div class=\"elementor-element elementor-element-b1dc92f elementor-widget elementor-widget-wd_button\" data-id=\"b1dc92f\" data-element_type=\"widget\" data-e-type=\"widget\" data-widget_type=\"wd_button.default\">\n\t\t\t\t<div class=\"elementor-widget-container\">\n\t\t\t\t\t\t\t<div class=\"wd-button-wrapper text-left\" >\n\t\t\t<a class=\"btn btn-style-bordered btn-shape-semi-round btn-size-large btn-color-black btn-icon-pos-right\"  href=\"https:\/\/www.elcimarketim.com\/urun\/italyan-alcak-basinc-gaz-verme-vanasi-adaptor-r1234yf\">\n\t\t\t\t<span class=\"wd-btn-text\" data-elementor-setting-key=\"text\">\n\t\t\t\t\tRead More\t\t\t\t<\/span>\n\n\t\t\t\t\t\t\t<\/a>\n\t\t<\/div>\n\t\t\t\t\t\t<\/div>\n\t\t\t\t<\/div>\n\t\t\t\t<\/div>\n\t\t\t\t<\/div>\n\t\t\t\t<\/div>\n\t\t<div class=\"elementor-element elementor-element-c8658c8 e-con-full wd-section-stretch e-flex e-con e-parent\" data-id=\"c8658c8\" data-element_type=\"container\" data-e-type=\"container\">\n\t\t<div class=\"elementor-element elementor-element-6b2a0f0 e-con-full e-flex e-con e-child\" data-id=\"6b2a0f0\" data-element_type=\"container\" data-e-type=\"container\">\n\t\t\t\t<div class=\"elementor-element elementor-element-8f515ff elementor-widget elementor-widget-heading\" data-id=\"8f515ff\" data-element_type=\"widget\" data-e-type=\"widget\" data-widget_type=\"heading.default\">\n\t\t\t\t\t<h2 class=\"elementor-heading-title elementor-size-default\">Our Other Products<\/h2>\t\t\t\t<\/div>\n\t\t\t\t<\/div>\n\t\t\t\t<div class=\"elementor-element elementor-element-ffac0fc wd-width-100 elementor-widget elementor-widget-wd_banner_carousel\" data-id=\"ffac0fc\" data-element_type=\"widget\" data-e-type=\"widget\" data-widget_type=\"wd_banner_carousel.default\">\n\t\t\t\t<div class=\"elementor-widget-container\">\n\t\t\t\t\t\t\t<div class=\"wd-carousel-container banners-carousel-wrapper\">\n\t\t\t<div class=\"wd-carousel-inner\">\n\t\t\t\t<div class=\"wd-carousel wd-grid banners-carousel\" data-speed=\"4000\" data-wrap=\"yes\" data-autoplay=\"yes\" data-scroll_per_page=\"yes\" style=\"--wd-col-lg:4;--wd-col-md:4;--wd-col-sm:1;--wd-gap-lg:30px;--wd-gap-sm:10px;\">\n\t\t\t\t\t<div class=\"wd-carousel-wrap\">\n\t\t\t\t\t\t\t\t\t\t\t\t\t\t\t\t\t\t\t\t\t\t<div class=\"promo-banner-wrapper wd-carousel-item elementor-repeater-item-dfeefdf\">\n\t\t\t<div class=\"promo-banner banner-content-background banner-hover-none color-scheme- banner-btn-size-extra-small banner-btn-style-default with-btn banner-btn-position-static wd-with-link\">\n\t\t\t\t<div class=\"main-wrapp-img\">\n\t\t\t\t\t<div class=\"banner-image\">\n\t\t\t\t\t\t\t\t\t\t\t\t\t\t\t\t\t\t\t\t\t<img loading=\"lazy\" decoding=\"async\" width=\"500\" height=\"500\" src=\"https:\/\/elcielektronik.com\/wp-content\/uploads\/2026\/02\/80492cf1-5bca-49b8-b7aa-f79d6540c13a-1.png\" class=\"attachment-full size-full\" alt=\"\" srcset=\"https:\/\/elcielektronik.com\/wp-content\/uploads\/2026\/02\/80492cf1-5bca-49b8-b7aa-f79d6540c13a-1.png 500w, https:\/\/elcielektronik.com\/wp-content\/uploads\/2026\/02\/80492cf1-5bca-49b8-b7aa-f79d6540c13a-1-300x300.png 300w, https:\/\/elcielektronik.com\/wp-content\/uploads\/2026\/02\/80492cf1-5bca-49b8-b7aa-f79d6540c13a-1-150x150.png 150w, https:\/\/elcielektronik.com\/wp-content\/uploads\/2026\/02\/80492cf1-5bca-49b8-b7aa-f79d6540c13a-1-12x12.png 12w, https:\/\/elcielektronik.com\/wp-content\/uploads\/2026\/02\/80492cf1-5bca-49b8-b7aa-f79d6540c13a-1-430x430.png 430w\" sizes=\"auto, (max-width: 500px) 100vw, 500px\" \/>\t\t\t\t\t\t\t\t\t\t\t\t\t\t\t\t\t\t<\/div>\n\t\t\t\t<\/div>\n\n\t\t\t\t<div class=\"wrapper-content-banner wd-fill wd-items-bottom wd-justify-left\">\n\t\t\t\t\t<div class=\"content-banner  text-left\">\n\t\t\t\t\t\t\n\t\t\t\t\t\t\t\t\t\t\t\t\t<h4 class=\"banner-title wd-fontsize-l\" data-elementor-setting-key=\"title\">\n\t\t\t\t\t\t\t\tEKM Pro\t\t\t\t\t\t\t<\/h4>\n\t\t\t\t\t\t\n\t\t\t\t\t\t\n\t\t\t\t\t\t\n\t\t\t\t\t\t\t\t\t\t\t\t\t<div class=\"banner-btn-wrapper\">\n\t\t\t\t\t\t\t\t\t\t<div class=\"wd-button-wrapper text-left\" >\n\t\t\t<a class=\"btn btn-style-default btn-shape-semi-round btn-size-extra-small btn-icon-pos-right\"  href=\"https:\/\/elcielektronik.com\/en\/ekm-pro\/\">\n\t\t\t\t<span class=\"wd-btn-text\" data-elementor-setting-key=\"text\">\n\t\t\t\t\tSee Product\t\t\t\t<\/span>\n\n\t\t\t\t\t\t\t<\/a>\n\t\t<\/div>\n\t\t\t\t\t\t\t\t\t<\/div>\n\t\t\t\t\t\t\t\t\t\t\t<\/div>\n\t\t\t\t<\/div>\n\n\t\t\t\t\t\t\t\t\t<a href=\"https:\/\/elcielektronik.com\/en\/ekm-pro\/\" class=\"wd-promo-banner-link wd-fill\" aria-label=\"Banner link\"><\/a>\n\t\t\t\t\t\t\t<\/div>\n\t\t<\/div>\n\t\t\t\t\t\t\t\t\t\t\t\t\t\t\t\t\t\t\t\t\t\t\t\t<div class=\"promo-banner-wrapper wd-carousel-item elementor-repeater-item-67af237\">\n\t\t\t<div class=\"promo-banner banner-content-background banner-hover-none color-scheme- banner-btn-size-extra-small banner-btn-style-default with-btn banner-btn-position-static wd-with-link\">\n\t\t\t\t<div class=\"main-wrapp-img\">\n\t\t\t\t\t<div class=\"banner-image\">\n\t\t\t\t\t\t\t\t\t\t\t\t\t\t\t\t\t\t\t\t\t<img loading=\"lazy\" decoding=\"async\" width=\"500\" height=\"500\" src=\"https:\/\/elcielektronik.com\/wp-content\/uploads\/2026\/02\/Untitled-design-6-5.png\" class=\"attachment-full size-full\" alt=\"\" srcset=\"https:\/\/elcielektronik.com\/wp-content\/uploads\/2026\/02\/Untitled-design-6-5.png 500w, https:\/\/elcielektronik.com\/wp-content\/uploads\/2026\/02\/Untitled-design-6-5-300x300.png 300w, https:\/\/elcielektronik.com\/wp-content\/uploads\/2026\/02\/Untitled-design-6-5-150x150.png 150w, https:\/\/elcielektronik.com\/wp-content\/uploads\/2026\/02\/Untitled-design-6-5-12x12.png 12w, https:\/\/elcielektronik.com\/wp-content\/uploads\/2026\/02\/Untitled-design-6-5-430x430.png 430w\" sizes=\"auto, (max-width: 500px) 100vw, 500px\" \/>\t\t\t\t\t\t\t\t\t\t\t\t\t\t\t\t\t\t<\/div>\n\t\t\t\t<\/div>\n\n\t\t\t\t<div class=\"wrapper-content-banner wd-fill wd-items-bottom wd-justify-left\">\n\t\t\t\t\t<div class=\"content-banner  text-left\">\n\t\t\t\t\t\t\n\t\t\t\t\t\t\t\t\t\t\t\t\t<h4 class=\"banner-title wd-fontsize-l\" data-elementor-setting-key=\"title\">\n\t\t\t\t\t\t\t\tEKM Plus 2\t\t\t\t\t\t\t<\/h4>\n\t\t\t\t\t\t\n\t\t\t\t\t\t\n\t\t\t\t\t\t\n\t\t\t\t\t\t\t\t\t\t\t\t\t<div class=\"banner-btn-wrapper\">\n\t\t\t\t\t\t\t\t\t\t<div class=\"wd-button-wrapper text-left\" >\n\t\t\t<a class=\"btn btn-style-default btn-shape-semi-round btn-size-extra-small btn-icon-pos-right\"  href=\"https:\/\/elcielektronik.com\/en\/ekm-plus-2\/\">\n\t\t\t\t<span class=\"wd-btn-text\" data-elementor-setting-key=\"text\">\n\t\t\t\t\tSee Product\t\t\t\t<\/span>\n\n\t\t\t\t\t\t\t<\/a>\n\t\t<\/div>\n\t\t\t\t\t\t\t\t\t<\/div>\n\t\t\t\t\t\t\t\t\t\t\t<\/div>\n\t\t\t\t<\/div>\n\n\t\t\t\t\t\t\t\t\t<a href=\"https:\/\/elcielektronik.com\/en\/ekm-plus-2\/\" class=\"wd-promo-banner-link wd-fill\" aria-label=\"Banner link\"><\/a>\n\t\t\t\t\t\t\t<\/div>\n\t\t<\/div>\n\t\t\t\t\t\t\t\t\t\t\t\t\t\t\t\t\t\t\t\t\t\t\t\t<div class=\"promo-banner-wrapper wd-carousel-item elementor-repeater-item-97a7b1d\">\n\t\t\t<div class=\"promo-banner banner-content-background banner-hover-none color-scheme- banner-btn-size-extra-small banner-btn-style-default with-btn banner-btn-position-static wd-with-link\">\n\t\t\t\t<div class=\"main-wrapp-img\">\n\t\t\t\t\t<div class=\"banner-image\">\n\t\t\t\t\t\t\t\t\t\t\t\t\t\t\t\t\t\t\t\t\t<img loading=\"lazy\" decoding=\"async\" width=\"500\" height=\"500\" src=\"https:\/\/elcielektronik.com\/wp-content\/uploads\/2026\/02\/Untitled-design-3-7.png\" class=\"attachment-full size-full\" alt=\"\" srcset=\"https:\/\/elcielektronik.com\/wp-content\/uploads\/2026\/02\/Untitled-design-3-7.png 500w, https:\/\/elcielektronik.com\/wp-content\/uploads\/2026\/02\/Untitled-design-3-7-300x300.png 300w, https:\/\/elcielektronik.com\/wp-content\/uploads\/2026\/02\/Untitled-design-3-7-150x150.png 150w, https:\/\/elcielektronik.com\/wp-content\/uploads\/2026\/02\/Untitled-design-3-7-12x12.png 12w, https:\/\/elcielektronik.com\/wp-content\/uploads\/2026\/02\/Untitled-design-3-7-430x430.png 430w\" sizes=\"auto, (max-width: 500px) 100vw, 500px\" \/>\t\t\t\t\t\t\t\t\t\t\t\t\t\t\t\t\t\t<\/div>\n\t\t\t\t<\/div>\n\n\t\t\t\t<div class=\"wrapper-content-banner wd-fill wd-items-bottom wd-justify-left\">\n\t\t\t\t\t<div class=\"content-banner  text-left\">\n\t\t\t\t\t\t\n\t\t\t\t\t\t\t\t\t\t\t\t\t<h4 class=\"banner-title wd-fontsize-l\" data-elementor-setting-key=\"title\">\n\t\t\t\t\t\t\t\tEKM Max 3\t\t\t\t\t\t\t<\/h4>\n\t\t\t\t\t\t\n\t\t\t\t\t\t\n\t\t\t\t\t\t\n\t\t\t\t\t\t\t\t\t\t\t\t\t<div class=\"banner-btn-wrapper\">\n\t\t\t\t\t\t\t\t\t\t<div class=\"wd-button-wrapper text-left\" >\n\t\t\t<a class=\"btn btn-style-default btn-shape-semi-round btn-size-extra-small btn-icon-pos-right\"  href=\"https:\/\/elcielektronik.com\/en\/ekm-max-3\/\">\n\t\t\t\t<span class=\"wd-btn-text\" data-elementor-setting-key=\"text\">\n\t\t\t\t\tSee Product\t\t\t\t<\/span>\n\n\t\t\t\t\t\t\t<\/a>\n\t\t<\/div>\n\t\t\t\t\t\t\t\t\t<\/div>\n\t\t\t\t\t\t\t\t\t\t\t<\/div>\n\t\t\t\t<\/div>\n\n\t\t\t\t\t\t\t\t\t<a href=\"https:\/\/elcielektronik.com\/en\/ekm-max-3\/\" class=\"wd-promo-banner-link wd-fill\" aria-label=\"Banner link\"><\/a>\n\t\t\t\t\t\t\t<\/div>\n\t\t<\/div>\n\t\t\t\t\t\t\t\t\t\t\t\t\t\t\t\t\t\t\t\t\t\t\t\t<div class=\"promo-banner-wrapper wd-carousel-item elementor-repeater-item-21b7130\">\n\t\t\t<div class=\"promo-banner banner-content-background banner-hover-none color-scheme- banner-btn-size-extra-small banner-btn-style-default with-btn banner-btn-position-static wd-with-link\">\n\t\t\t\t<div class=\"main-wrapp-img\">\n\t\t\t\t\t<div class=\"banner-image\">\n\t\t\t\t\t\t\t\t\t\t\t\t\t\t\t\t\t\t\t\t\t<img loading=\"lazy\" decoding=\"async\" width=\"500\" height=\"500\" src=\"https:\/\/elcielektronik.com\/wp-content\/uploads\/2026\/02\/Untitled-design-1-3-1.png\" class=\"attachment-full size-full\" alt=\"\" srcset=\"https:\/\/elcielektronik.com\/wp-content\/uploads\/2026\/02\/Untitled-design-1-3-1.png 500w, https:\/\/elcielektronik.com\/wp-content\/uploads\/2026\/02\/Untitled-design-1-3-1-300x300.png 300w, https:\/\/elcielektronik.com\/wp-content\/uploads\/2026\/02\/Untitled-design-1-3-1-150x150.png 150w, https:\/\/elcielektronik.com\/wp-content\/uploads\/2026\/02\/Untitled-design-1-3-1-12x12.png 12w, https:\/\/elcielektronik.com\/wp-content\/uploads\/2026\/02\/Untitled-design-1-3-1-430x430.png 430w\" sizes=\"auto, (max-width: 500px) 100vw, 500px\" \/>\t\t\t\t\t\t\t\t\t\t\t\t\t\t\t\t\t\t<\/div>\n\t\t\t\t<\/div>\n\n\t\t\t\t<div class=\"wrapper-content-banner wd-fill wd-items-bottom wd-justify-left\">\n\t\t\t\t\t<div class=\"content-banner  text-left\">\n\t\t\t\t\t\t\n\t\t\t\t\t\t\t\t\t\t\t\t\t<h4 class=\"banner-title wd-fontsize-l\" data-elementor-setting-key=\"title\">\n\t\t\t\t\t\t\t\tEKM ECO 3 S\t\t\t\t\t\t\t<\/h4>\n\t\t\t\t\t\t\n\t\t\t\t\t\t\n\t\t\t\t\t\t\n\t\t\t\t\t\t\t\t\t\t\t\t\t<div class=\"banner-btn-wrapper\">\n\t\t\t\t\t\t\t\t\t\t<div class=\"wd-button-wrapper text-left\" >\n\t\t\t<a class=\"btn btn-style-default btn-shape-semi-round btn-size-extra-small btn-icon-pos-right\"  href=\"https:\/\/elcielektronik.com\/en\/bread-eco-3s\/https%3a\/\/elcielektronik.com\/bread-eco-3s\/https%3a\/\/elcielektronik.com\/bread-eco-3s\/\">\n\t\t\t\t<span class=\"wd-btn-text\" data-elementor-setting-key=\"text\">\n\t\t\t\t\tSee Product\t\t\t\t<\/span>\n\n\t\t\t\t\t\t\t<\/a>\n\t\t<\/div>\n\t\t\t\t\t\t\t\t\t<\/div>\n\t\t\t\t\t\t\t\t\t\t\t<\/div>\n\t\t\t\t<\/div>\n\n\t\t\t\t\t\t\t\t\t<a href=\"https:\/\/elcielektronik.com\/en\/bread-eco-3s\/https%3a\/\/elcielektronik.com\/bread-eco-3s\/https%3a\/\/elcielektronik.com\/bread-eco-3s\/\" class=\"wd-promo-banner-link wd-fill\" aria-label=\"Banner link\"><\/a>\n\t\t\t\t\t\t\t<\/div>\n\t\t<\/div>\n\t\t\t\t\t\t\t\t\t\t\t\t\t\t\t\t\t\t\t\t\t\t\t\t<div class=\"promo-banner-wrapper wd-carousel-item elementor-repeater-item-f03efd3\">\n\t\t\t<div class=\"promo-banner banner-content-background banner-hover-none color-scheme- banner-btn-size-extra-small banner-btn-style-default with-btn banner-btn-position-static wd-with-link\">\n\t\t\t\t<div class=\"main-wrapp-img\">\n\t\t\t\t\t<div class=\"banner-image\">\n\t\t\t\t\t\t\t\t\t\t\t\t\t\t\t\t\t\t\t\t\t<img loading=\"lazy\" decoding=\"async\" width=\"500\" height=\"500\" src=\"https:\/\/elcielektronik.com\/wp-content\/uploads\/2026\/02\/Untitled-design-11-3.png\" class=\"attachment-full size-full\" alt=\"\" srcset=\"https:\/\/elcielektronik.com\/wp-content\/uploads\/2026\/02\/Untitled-design-11-3.png 500w, https:\/\/elcielektronik.com\/wp-content\/uploads\/2026\/02\/Untitled-design-11-3-300x300.png 300w, https:\/\/elcielektronik.com\/wp-content\/uploads\/2026\/02\/Untitled-design-11-3-150x150.png 150w, https:\/\/elcielektronik.com\/wp-content\/uploads\/2026\/02\/Untitled-design-11-3-12x12.png 12w, https:\/\/elcielektronik.com\/wp-content\/uploads\/2026\/02\/Untitled-design-11-3-430x430.png 430w\" sizes=\"auto, (max-width: 500px) 100vw, 500px\" \/>\t\t\t\t\t\t\t\t\t\t\t\t\t\t\t\t\t\t<\/div>\n\t\t\t\t<\/div>\n\n\t\t\t\t<div class=\"wrapper-content-banner wd-fill wd-items-bottom wd-justify-left\">\n\t\t\t\t\t<div class=\"content-banner  text-left\">\n\t\t\t\t\t\t\n\t\t\t\t\t\t\t\t\t\t\t\t\t<h4 class=\"banner-title wd-fontsize-l\" data-elementor-setting-key=\"title\">\n\t\t\t\t\t\t\t\tOGD\t\t\t\t\t\t\t<\/h4>\n\t\t\t\t\t\t\n\t\t\t\t\t\t\n\t\t\t\t\t\t\n\t\t\t\t\t\t\t\t\t\t\t\t\t<div class=\"banner-btn-wrapper\">\n\t\t\t\t\t\t\t\t\t\t<div class=\"wd-button-wrapper text-left\" >\n\t\t\t<a class=\"btn btn-style-default btn-shape-semi-round btn-size-extra-small btn-icon-pos-right\"  href=\"https:\/\/elcielektronik.com\/en\/ogd\/\">\n\t\t\t\t<span class=\"wd-btn-text\" data-elementor-setting-key=\"text\">\n\t\t\t\t\tSee Product\t\t\t\t<\/span>\n\n\t\t\t\t\t\t\t<\/a>\n\t\t<\/div>\n\t\t\t\t\t\t\t\t\t<\/div>\n\t\t\t\t\t\t\t\t\t\t\t<\/div>\n\t\t\t\t<\/div>\n\n\t\t\t\t\t\t\t\t\t<a href=\"https:\/\/elcielektronik.com\/en\/ogd\/\" class=\"wd-promo-banner-link wd-fill\" aria-label=\"Banner link\"><\/a>\n\t\t\t\t\t\t\t<\/div>\n\t\t<\/div>\n\t\t\t\t\t\t\t\t\t\t\t\t\t<\/div>\n\t\t\t\t<\/div>\n\n\t\t\t\t\t\t\t\t\t\t\t<div class=\"wd-nav-arrows wd-pos-sep wd-hover-1 wd-icon-1\">\n\t\t\t<div class=\"wd-btn-arrow wd-prev wd-disabled\">\n\t\t\t\t<div class=\"wd-arrow-inner\"><\/div>\n\t\t\t<\/div>\n\t\t\t<div class=\"wd-btn-arrow wd-next\">\n\t\t\t\t<div class=\"wd-arrow-inner\"><\/div>\n\t\t\t<\/div>\n\t\t<\/div>\n\t\t\t\t\t\t\t\t\t<\/div>\n\n\t\t\t\t\t\t\t\t<\/div>\n\t\t\t\t\t\t<\/div>\n\t\t\t\t<\/div>\n\t\t\t\t<\/div>\n\t\t\t\t<\/div>","protected":false},"excerpt":{"rendered":"<p>R1234YF \u0130talyan Al\u00e7ak Bas\u0131n\u00e7 Gaz Verme Vanas\u0131 AnasayfaSayfa R1234YF \u0130talyan Al\u00e7ak Bas\u0131n\u00e7 Gaz Verme Vanas\u0131 Klima sistemlerine y\u00f6nelik h\u0131zl\u0131 kaplinler,<\/p>","protected":false},"author":1,"featured_media":0,"parent":0,"menu_order":0,"comment_status":"closed","ping_status":"closed","template":"","meta":{"_joinchat":[],"footnotes":""},"class_list":["post-18126","page","type-page","status-publish","hentry"],"aioseo_notices":[],"_links":{"self":[{"href":"https:\/\/elcielektronik.com\/en\/wp-json\/wp\/v2\/pages\/18126","targetHints":{"allow":["GET"]}}],"collection":[{"href":"https:\/\/elcielektronik.com\/en\/wp-json\/wp\/v2\/pages"}],"about":[{"href":"https:\/\/elcielektronik.com\/en\/wp-json\/wp\/v2\/types\/page"}],"author":[{"embeddable":true,"href":"https:\/\/elcielektronik.com\/en\/wp-json\/wp\/v2\/users\/1"}],"replies":[{"embeddable":true,"href":"https:\/\/elcielektronik.com\/en\/wp-json\/wp\/v2\/comments?post=18126"}],"version-history":[{"count":10,"href":"https:\/\/elcielektronik.com\/en\/wp-json\/wp\/v2\/pages\/18126\/revisions"}],"predecessor-version":[{"id":18395,"href":"https:\/\/elcielektronik.com\/en\/wp-json\/wp\/v2\/pages\/18126\/revisions\/18395"}],"wp:attachment":[{"href":"https:\/\/elcielektronik.com\/en\/wp-json\/wp\/v2\/media?parent=18126"}],"curies":[{"name":"wp","href":"https:\/\/api.w.org\/{rel}","templated":true}]}}