{"id":10900,"date":"2025-01-16T03:44:52","date_gmt":"2025-01-16T03:44:52","guid":{"rendered":"https:\/\/elcielektronik.com\/?page_id=10900"},"modified":"2026-04-10T14:41:12","modified_gmt":"2026-04-10T14:41:12","slug":"hakkimizda","status":"publish","type":"page","link":"https:\/\/elcielektronik.com\/tr\/hakkimizda\/","title":{"rendered":"Hakk\u0131m\u0131zda"},"content":{"rendered":"\t\t<div data-elementor-type=\"wp-page\" data-elementor-id=\"10900\" class=\"elementor elementor-10900\" data-elementor-post-type=\"page\">\n\t\t\t\t\t\t<section class=\"wd-negative-gap elementor-section elementor-top-section elementor-element elementor-element-57d2f13 elementor-reverse-mobile elementor-section-full_width elementor-section-stretched elementor-section-height-default elementor-section-height-default\" data-id=\"57d2f13\" data-element_type=\"section\" data-e-type=\"section\" data-settings=\"{&quot;background_background&quot;:&quot;classic&quot;,&quot;stretch_section&quot;:&quot;section-stretched&quot;}\">\n\t\t\t\t\t\t<div class=\"elementor-container elementor-column-gap-no\">\n\t\t\t\t\t<div class=\"elementor-column elementor-col-100 elementor-top-column elementor-element elementor-element-c9a2903\" data-id=\"c9a2903\" data-element_type=\"column\" data-e-type=\"column\">\n\t\t\t<div class=\"elementor-widget-wrap elementor-element-populated\">\n\t\t\t\t<div class=\"wd-negative-gap elementor-element elementor-element-0f06691 e-flex e-con-boxed e-con e-parent\" data-id=\"0f06691\" data-element_type=\"container\" data-e-type=\"container\">\n\t\t\t\t\t<div class=\"e-con-inner\">\n\t\t<div class=\"elementor-element elementor-element-0cf5222 e-con-full e-flex e-con e-child\" data-id=\"0cf5222\" data-element_type=\"container\" data-e-type=\"container\">\n\t\t\t\t<div class=\"elementor-element elementor-element-ba2d2f9 elementor-widget elementor-widget-image\" data-id=\"ba2d2f9\" data-element_type=\"widget\" data-e-type=\"widget\" data-widget_type=\"image.default\">\n\t\t\t\t\t\t\t\t\t\t\t\t\t\t\t<img loading=\"lazy\" decoding=\"async\" width=\"1440\" height=\"1440\" src=\"https:\/\/elcielektronik.com\/wp-content\/uploads\/2026\/01\/WhatsApp-Image-2026-01-27-at-11.08.31.jpeg\" class=\"attachment-full size-full wp-image-16510\" alt=\"\" srcset=\"https:\/\/elcielektronik.com\/wp-content\/uploads\/2026\/01\/WhatsApp-Image-2026-01-27-at-11.08.31.jpeg 1440w, https:\/\/elcielektronik.com\/wp-content\/uploads\/2026\/01\/WhatsApp-Image-2026-01-27-at-11.08.31-300x300.jpeg 300w, https:\/\/elcielektronik.com\/wp-content\/uploads\/2026\/01\/WhatsApp-Image-2026-01-27-at-11.08.31-800x800.jpeg 800w, https:\/\/elcielektronik.com\/wp-content\/uploads\/2026\/01\/WhatsApp-Image-2026-01-27-at-11.08.31-150x150.jpeg 150w, https:\/\/elcielektronik.com\/wp-content\/uploads\/2026\/01\/WhatsApp-Image-2026-01-27-at-11.08.31-768x768.jpeg 768w, https:\/\/elcielektronik.com\/wp-content\/uploads\/2026\/01\/WhatsApp-Image-2026-01-27-at-11.08.31-12x12.jpeg 12w, https:\/\/elcielektronik.com\/wp-content\/uploads\/2026\/01\/WhatsApp-Image-2026-01-27-at-11.08.31-430x430.jpeg 430w, https:\/\/elcielektronik.com\/wp-content\/uploads\/2026\/01\/WhatsApp-Image-2026-01-27-at-11.08.31-700x700.jpeg 700w\" sizes=\"auto, (max-width: 1440px) 100vw, 1440px\" \/>\t\t\t\t\t\t\t\t\t\t\t\t\t\t\t<\/div>\n\t\t\t\t<\/div>\n\t\t<div class=\"elementor-element elementor-element-8773277 e-con-full e-flex e-con e-child\" data-id=\"8773277\" data-element_type=\"container\" data-e-type=\"container\">\n\t\t\t\t<div class=\"elementor-element elementor-element-9ba8698 elementor-widget__width-initial wd-width-100 elementor-widget elementor-widget-wd_title\" data-id=\"9ba8698\" data-element_type=\"widget\" data-e-type=\"widget\" data-widget_type=\"wd_title.default\">\n\t\t\t\t<div class=\"elementor-widget-container\">\n\t\t\t\t\t\t\t<div class=\"title-wrapper wd-set-mb reset-last-child wd-title-color-default wd-title-style-default wd-title-size-large text-left\">\n\n\t\t\t\n\t\t\t<div class=\"liner-continer\">\n\t\t\t\t<h4 class=\"woodmart-title-container title wd-fontsize-xxl wd-underline-colored\">ELC\u0130 ELEKTRON\u0130K KL\u0130MA<\/h4> \n\t\t\t\t\t\t\t<\/div>\n\n\t\t\t\t\t<\/div>\n\t\t\t\t\t\t<\/div>\n\t\t\t\t<\/div>\n\t\t\t\t<div class=\"elementor-element elementor-element-e1e1a56 color-scheme-inherit text-left elementor-widget elementor-widget-text-editor\" data-id=\"e1e1a56\" data-element_type=\"widget\" data-e-type=\"widget\" data-widget_type=\"text-editor.default\">\n\t\t\t\t\t\t\t\t\t<p><b>ELCI ELEKTRONIK KL\u0130MA<\/b><span style=\"font-weight: 400;\">, <\/span><b>2003 y\u0131l\u0131nda kurulmu\u015f<\/b><span style=\"font-weight: 400;\">, son teknoloji gaz dolum cihazlar\u0131n\u0131n \u00f6nde gelen \u00fcreticisidir. Kaliteye, yenili\u011fe ve m\u00fc\u015fteri memnuniyetine olan g\u00fc\u00e7l\u00fc ba\u011fl\u0131l\u0131\u011f\u0131m\u0131zla, sekt\u00f6rde g\u00fcvenilir ve sayg\u0131n bir marka olarak konumumuzu peki\u015ftirdik. Geli\u015ftirdi\u011fimiz \u00fcr\u00fcnler, ara\u00e7 klima sistemleri profesyonellerinin t\u00fcm ihtiya\u00e7lar\u0131na cevap vermek \u00fczere tasarlanm\u0131\u015f olup, servis s\u00fcre\u00e7lerinde maksimum verimlilik, h\u0131z ve g\u00fcvenilirlik sa\u011flamaktad\u0131r.<\/span><\/p><p><b>T\u00fcrkiye\u2019nin ilk tam otomatik gaz dolum cihaz\u0131<\/b><span style=\"font-weight: 400;\">, 2003 y\u0131l\u0131nda ELCI taraf\u0131ndan b\u00fcy\u00fck bir ba\u015far\u0131yla geli\u015ftirilmi\u015f ve \u00fcretilmi\u015ftir. 2013 y\u0131l\u0131nda ise sekt\u00f6r i\u00e7in bir ba\u015fka \u00f6nemli yenili\u011fe imza atarak, <\/span><b>Bluetooth teknolojisiyle<\/b><span style=\"font-weight: 400;\"> tablet \u00fczerinden \u00e7al\u0131\u015fan ilk gaz dolum cihaz\u0131n\u0131 piyasaya sunduk. <\/span><b>Kurulu\u015fumuzun 20. y\u0131l\u0131<\/b><span style=\"font-weight: 400;\"> olan 2023\u2019te, t\u00fcm modellerimizi <\/span><b>Wi-Fi ba\u011flant\u0131s\u0131<\/b><span style=\"font-weight: 400;\"> ile donatarak yaz\u0131l\u0131m ve veri bankas\u0131 g\u00fcncellemelerinin uzaktan yap\u0131labildi\u011fi yeni bir d\u00f6nemin kap\u0131lar\u0131n\u0131 a\u00e7t\u0131k.<br \/><\/span><\/p><p><b>2025 y\u0131l\u0131 itibar\u0131yla<\/b><span style=\"font-weight: 400;\">, \u00fcretim tesisimizi geni\u015fleterek toplam kapal\u0131 alan\u0131m\u0131z\u0131 <\/span><b>2.500 m\u00b2\u2019ye \u00e7\u0131kard\u0131k<\/b><span style=\"font-weight: 400;\"> ve ayn\u0131 do\u011frultuda <\/span><b>\u00fcretim kapasitemizi \u00f6nemli \u00f6l\u00e7\u00fcde art\u0131rd\u0131k<\/b><span style=\"font-weight: 400;\">. Bu stratejik yat\u0131r\u0131m, hem artan k\u00fcresel taleplere daha h\u0131zl\u0131 yan\u0131t verebilmemize olanak sa\u011flamakta hem de Ar-Ge, test ve kalite kontrol s\u00fcre\u00e7lerimizin etkinli\u011fini \u00f6nemli \u00f6l\u00e7\u00fcde art\u0131rmaktad\u0131r. Modernize edilen yeni \u00fcretim hatlar\u0131m\u0131z, ELCI\u2019nin y\u00fcksek kalite standartlar\u0131n\u0131 koruyarak daha yenilik\u00e7i, dayan\u0131kl\u0131 ve kullan\u0131c\u0131 dostu \u00fcr\u00fcnler geli\u015ftirmemize katk\u0131 sa\u011flamaktad\u0131r.<\/span><\/p>\t\t\t\t\t\t\t\t<\/div>\n\t\t\t\t<div class=\"elementor-element elementor-element-136ef63 elementor-hidden-desktop elementor-hidden-tablet color-scheme-inherit text-left elementor-widget elementor-widget-text-editor\" data-id=\"136ef63\" data-element_type=\"widget\" data-e-type=\"widget\" data-widget_type=\"text-editor.default\">\n\t\t\t\t\t\t\t\t\t<p><span style=\"font-weight: 400;\">Kuruldu\u011fumuz g\u00fcnden bu yana, i\u015fine tutkuyla ba\u011fl\u0131 m\u00fchendis, teknisyen ve profesyonel ekibimiz; teknolojiyi yak\u0131ndan takip eden, s\u00fcrekli geli\u015fimi ve s\u00fcrd\u00fcr\u00fclebilir \u00fcretimi benimseyen bir anlay\u0131\u015fla \u00e7al\u0131\u015fmalar\u0131n\u0131 s\u00fcrd\u00fcrmektedir. Amac\u0131m\u0131z, d\u00fcnya genelindeki m\u00fc\u015fterilerimize en y\u00fcksek performans, hassasiyet ve dayan\u0131kl\u0131l\u0131k standard\u0131n\u0131 sunan \u00fcr\u00fcnler \u00fcretmeye devam etmek; \u00e7evreye duyarl\u0131 yakla\u015f\u0131m\u0131m\u0131zla gelece\u011fin ihtiya\u00e7lar\u0131na \u015fimdiden cevap verebilmektir.<br \/><\/span><br \/><b>\u00dcr\u00fcn Yelpazesi<\/b><span style=\"font-weight: 400;\">: ELCI ELEKTRONIK KL\u0130MA olarak, \u00e7ok \u00e7e\u015fitli uygulama ve gereksinimlere cevap veren kapsaml\u0131 bir klima servis makineleri yelpazesi sunuyoruz. \u00dcretti\u011fimiz makineler, so\u011futucu gazlar\u0131 ara\u00e7 klima sistemlerinden g\u00fcvenli ve verimli bir \u015fekilde \u00e7\u0131karmak, ka\u00e7ak kontrol\u00fc yapmak, y\u00fcksek hassasiyetle sisteme gaz basmak, \u00e7evre d\u00fczenlemelerine uygunlu\u011fu sa\u011flamak ve israf\u0131 en aza indirmek i\u00e7in tasarlanm\u0131\u015ft\u0131r.<\/span><\/p><p><span style=\"font-weight: 400;\">ELCI, otomotiv end\u00fcstrisi i\u00e7in sistem geli\u015ftirmenin yan\u0131 s\u0131ra buzdolab\u0131 ve derin dondurucu gaz dolum ve servis makineleri i\u00e7in de \u00e7\u00f6z\u00fcmler sunmaktad\u0131r.<\/span><\/p><p><b>Kalite G\u00fcvencesi<\/b><span style=\"font-weight: 400;\">: ELCI ELEKTRONIK KL\u0130MA\u2019da kalite bizim \u00f6nceli\u011fimizdir. \u00dcretim s\u00fcrecinin her a\u015famas\u0131nda s\u0131k\u0131 kalite kontrol \u00f6nlemlerine ba\u011fl\u0131 kal\u0131yoruz. Y\u00fcksek kaliteli malzemeler tedarik etmekten ileri \u00fcretim teknikleri kullanmaya kadar, \u00fcr\u00fcnlerimizin uluslararas\u0131 kalite standartlar\u0131n\u0131 kar\u015f\u0131lamas\u0131n\u0131 ve m\u00fc\u015fteri beklentilerini a\u015fmas\u0131n\u0131 sa\u011fl\u0131yoruz.<\/span><\/p><p><b>\u0130novasyon ve Ar-Ge:<\/b><span style=\"font-weight: 400;\"> Ara\u00e7 klima end\u00fcstrisinin s\u00fcrekli geli\u015fen ihtiya\u00e7lar\u0131n\u0131 anl\u0131yoruz. Bu nedenle, teknolojik geli\u015fmeleri takip ediyor, s\u00fcrekli ara\u015ft\u0131rma ve geli\u015ftirmeye yat\u0131r\u0131m yap\u0131yoruz. Ar-Ge ekibimiz, m\u00fc\u015fterilerimize kullan\u0131m\u0131 kolay, rekabet avantaj\u0131 sa\u011flayan yenilik\u00e7i \u00e7\u00f6z\u00fcmler geli\u015ftirmek i\u00e7in yorulmadan \u00e7al\u0131\u015f\u0131yor.<\/span><\/p><p><b>M\u00fc\u015fteri Deste\u011fi<\/b><span style=\"font-weight: 400;\">: ELCI ELEKTRONIK KL\u0130MA\u2019da m\u00fc\u015fterilerimizle uzun s\u00fcreli ili\u015fkiler kurmaya inan\u0131yoruz. Teknik destek, e\u011fitim programlar\u0131 ve sat\u0131\u015f sonras\u0131 destek d\u00e2hil olmak \u00fczere kapsaml\u0131 m\u00fc\u015fteri destek hizmetleri sunuyoruz. Uzmanlardan olu\u015fan ekibimiz, \u00fcr\u00fcnlerimizi tam potansiyelleriyle kullanmalar\u0131 konusunda m\u00fc\u015fterilerimize yard\u0131mc\u0131 olmaya her zaman haz\u0131rd\u0131r.<\/span><\/p><p><b>K\u00fcresel Pazar Eri\u015fimi:<\/b><span style=\"font-weight: 400;\"> G\u00fc\u00e7l\u00fc bir da\u011f\u0131t\u0131m a\u011f\u0131 ve stratejik ortakl\u0131klarla k\u00fcresel bir varl\u0131k olu\u015fturduk. \u00dcr\u00fcnlerimiz d\u00fcnya \u00e7ap\u0131nda ara\u00e7 klima sistemi profesyonelleri ve servis sa\u011flay\u0131c\u0131lar\u0131 taraf\u0131ndan g\u00fcvenilmekte ve kullan\u0131lmaktad\u0131r, bu da bizi klima servis makinesi \u00e7\u00f6z\u00fcmleri i\u00e7in g\u00fcvenilir bir se\u00e7im haline getirmektedir.\u00a0<\/span><\/p><p><b>Bize Ula\u015f\u0131n<\/b><span style=\"font-weight: 400;\">: ELCI ELEKTRONIK KL\u0130MA hakk\u0131nda bilgi edinmek \u00fczere zaman ay\u0131rd\u0131\u011f\u0131n\u0131z i\u00e7in te\u015fekk\u00fcr ederiz. \u00dcr\u00fcnlerimizi ke\u015ffetmek, detayl\u0131 bilgi almak i\u00e7in bizimle ileti\u015fime ge\u00e7ebilirsiniz:<\/span><\/p><p><b>Adres:<\/b><span style=\"font-weight: 400;\"> Elci Elektronik Klima San. Tic. Ltd. \u015eti. \u0130vedik OSB 1354 Cadde 1357 Sokak No:30 Yenimahalle 06378 Ankara T\u00fcrkiye<\/span><\/p><p><b>Telefon<\/b><span style=\"font-weight: 400;\">: +90 312 395 53 53 (PBX) <\/span><span style=\"font-weight: 400;\"><br \/><\/span><b>E-posta:<\/b><span style=\"font-weight: 400;\"> elci@elcielektronik.com<\/span><\/p><p><b>Web Sitesi<\/b><span style=\"font-weight: 400;\">: www.elcielektronik.com<\/span><\/p><p><span style=\"font-weight: 400;\">Size hizmet vermek, ihtiya\u00e7lar\u0131n\u0131z\u0131 kar\u015f\u0131layan ve beklentilerinizi a\u015fan kaliteli klima servis makinelerini sunmak i\u00e7in sab\u0131rs\u0131zlan\u0131yoruz.<\/span><\/p><p><i><span style=\"font-weight: 400;\">\u0130klimlendirme ve End\u00fcstriyel So\u011futma Sistemleri \u0130\u00e7in Yenilik\u00e7i \u00c7\u00f6z\u00fcmler<\/span><\/i><\/p><p><span style=\"font-weight: 400;\">\u00a0<\/span><b>M\u0130SYONUMUZ<\/b><\/p><p><span style=\"font-weight: 400;\">Misyonumuz, d\u00fcnya \u00e7ap\u0131nda bireyler, i\u015fletmeler ve topluluklar i\u00e7in konforu art\u0131ran ve hava kalitesini iyile\u015ftiren yenilik\u00e7i ve g\u00fcvenilir \u00e7\u00f6z\u00fcmler sunan, klima servis makinelerinin \u00f6nde gelen \u00fcreticisi olmakt\u0131r. M\u00fc\u015fteri beklentilerini a\u015fan, s\u00fcrd\u00fcr\u00fclebilirli\u011fi destekleyen ve daha sa\u011fl\u0131kl\u0131 bir \u00e7evreye katk\u0131da bulunan \u00fcr\u00fcnler yaratmaya \u00e7al\u0131\u015f\u0131yoruz.<\/span><\/p><p><span style=\"font-weight: 400;\">\u00a0<\/span><b>V\u0130ZYONUMUZ<\/b><\/p><p><span style=\"font-weight: 400;\">Vizyonumuz, en son teknoloji, \u00fcst\u00fcn m\u00fchendislik ve m\u00fckemmellik taahh\u00fcd\u00fc ile klima end\u00fcstrisinde yenilikler yaratmakt\u0131r. Klima servis makinelerimizin verimlilik, dayan\u0131kl\u0131l\u0131k ve geli\u015fmi\u015f \u00f6zelliklerle e\u015fanlaml\u0131 oldu\u011fu bir gelecek tasavvur ediyoruz. \u0130novasyonun s\u0131n\u0131rlar\u0131n\u0131 s\u00fcrekli zorlayarak, yeni standartlar belirleyerek ve klima sistemlerinin servis ve bak\u0131m y\u00f6ntemlerini \u015fekillendirerek end\u00fcstrinin \u00f6n saflar\u0131nda yer almay\u0131 hedefliyoruz.<\/span><\/p>\t\t\t\t\t\t\t\t<\/div>\n\t\t\t\t<\/div>\n\t\t\t\t\t<\/div>\n\t\t\t\t<\/div>\n\t\t\t\t\t<\/div>\n\t\t<\/div>\n\t\t\t\t\t<\/div>\n\t\t<\/section>\n\t\t\t\t<section class=\"wd-negative-gap elementor-section elementor-top-section elementor-element elementor-element-8fba9e2 elementor-reverse-mobile elementor-section-full_width elementor-section-stretched elementor-hidden-mobile elementor-section-height-default elementor-section-height-default\" data-id=\"8fba9e2\" data-element_type=\"section\" data-e-type=\"section\" data-settings=\"{&quot;background_background&quot;:&quot;classic&quot;,&quot;stretch_section&quot;:&quot;section-stretched&quot;}\">\n\t\t\t\t\t\t<div class=\"elementor-container elementor-column-gap-no\">\n\t\t\t\t\t<div class=\"elementor-column elementor-col-100 elementor-top-column elementor-element elementor-element-b114766\" data-id=\"b114766\" data-element_type=\"column\" data-e-type=\"column\">\n\t\t\t<div class=\"elementor-widget-wrap elementor-element-populated\">\n\t\t\t\t\t\t<div class=\"elementor-element elementor-element-f1d2ceb color-scheme-inherit text-left elementor-widget elementor-widget-text-editor\" data-id=\"f1d2ceb\" data-element_type=\"widget\" data-e-type=\"widget\" data-widget_type=\"text-editor.default\">\n\t\t\t\t\t\t\t\t\t<p><span style=\"font-weight: 400;\">Kuruldu\u011fumuz g\u00fcnden bu yana, i\u015fine tutkuyla ba\u011fl\u0131 m\u00fchendis, teknisyen ve profesyonel ekibimiz; teknolojiyi yak\u0131ndan takip eden, s\u00fcrekli geli\u015fimi ve s\u00fcrd\u00fcr\u00fclebilir \u00fcretimi benimseyen bir anlay\u0131\u015fla \u00e7al\u0131\u015fmalar\u0131n\u0131 s\u00fcrd\u00fcrmektedir. Amac\u0131m\u0131z, d\u00fcnya genelindeki m\u00fc\u015fterilerimize en y\u00fcksek performans, hassasiyet ve dayan\u0131kl\u0131l\u0131k standard\u0131n\u0131 sunan \u00fcr\u00fcnler \u00fcretmeye devam etmek; \u00e7evreye duyarl\u0131 yakla\u015f\u0131m\u0131m\u0131zla gelece\u011fin ihtiya\u00e7lar\u0131na \u015fimdiden cevap verebilmektir.<br \/><\/span><br \/><b>\u00dcr\u00fcn Yelpazesi<\/b><span style=\"font-weight: 400;\">: ELCI ELEKTRONIK KL\u0130MA olarak, \u00e7ok \u00e7e\u015fitli uygulama ve gereksinimlere cevap veren kapsaml\u0131 bir klima servis makineleri yelpazesi sunuyoruz. \u00dcretti\u011fimiz makineler, so\u011futucu gazlar\u0131 ara\u00e7 klima sistemlerinden g\u00fcvenli ve verimli bir \u015fekilde \u00e7\u0131karmak, ka\u00e7ak kontrol\u00fc yapmak, y\u00fcksek hassasiyetle sisteme gaz basmak, \u00e7evre d\u00fczenlemelerine uygunlu\u011fu sa\u011flamak ve israf\u0131 en aza indirmek i\u00e7in tasarlanm\u0131\u015ft\u0131r.<\/span><\/p><p><span style=\"font-weight: 400;\">ELCI, otomotiv end\u00fcstrisi i\u00e7in sistem geli\u015ftirmenin yan\u0131 s\u0131ra buzdolab\u0131 ve derin dondurucu gaz dolum ve servis makineleri i\u00e7in de \u00e7\u00f6z\u00fcmler sunmaktad\u0131r.<\/span><\/p><p><b>Kalite G\u00fcvencesi<\/b><span style=\"font-weight: 400;\">: ELCI ELEKTRONIK KL\u0130MA\u2019da kalite bizim \u00f6nceli\u011fimizdir. \u00dcretim s\u00fcrecinin her a\u015famas\u0131nda s\u0131k\u0131 kalite kontrol \u00f6nlemlerine ba\u011fl\u0131 kal\u0131yoruz. Y\u00fcksek kaliteli malzemeler tedarik etmekten ileri \u00fcretim teknikleri kullanmaya kadar, \u00fcr\u00fcnlerimizin uluslararas\u0131 kalite standartlar\u0131n\u0131 kar\u015f\u0131lamas\u0131n\u0131 ve m\u00fc\u015fteri beklentilerini a\u015fmas\u0131n\u0131 sa\u011fl\u0131yoruz.<\/span><\/p><p><b>\u0130novasyon ve Ar-Ge:<\/b><span style=\"font-weight: 400;\"> Ara\u00e7 klima end\u00fcstrisinin s\u00fcrekli geli\u015fen ihtiya\u00e7lar\u0131n\u0131 anl\u0131yoruz. Bu nedenle, teknolojik geli\u015fmeleri takip ediyor, s\u00fcrekli ara\u015ft\u0131rma ve geli\u015ftirmeye yat\u0131r\u0131m yap\u0131yoruz. Ar-Ge ekibimiz, m\u00fc\u015fterilerimize kullan\u0131m\u0131 kolay, rekabet avantaj\u0131 sa\u011flayan yenilik\u00e7i \u00e7\u00f6z\u00fcmler geli\u015ftirmek i\u00e7in yorulmadan \u00e7al\u0131\u015f\u0131yor.<\/span><\/p><p><b>M\u00fc\u015fteri Deste\u011fi<\/b><span style=\"font-weight: 400;\">: ELCI ELEKTRONIK KL\u0130MA\u2019da m\u00fc\u015fterilerimizle uzun s\u00fcreli ili\u015fkiler kurmaya inan\u0131yoruz. Teknik destek, e\u011fitim programlar\u0131 ve sat\u0131\u015f sonras\u0131 destek d\u00e2hil olmak \u00fczere kapsaml\u0131 m\u00fc\u015fteri destek hizmetleri sunuyoruz. Uzmanlardan olu\u015fan ekibimiz, \u00fcr\u00fcnlerimizi tam potansiyelleriyle kullanmalar\u0131 konusunda m\u00fc\u015fterilerimize yard\u0131mc\u0131 olmaya her zaman haz\u0131rd\u0131r.<\/span><\/p><p><b>K\u00fcresel Pazar Eri\u015fimi:<\/b><span style=\"font-weight: 400;\"> G\u00fc\u00e7l\u00fc bir da\u011f\u0131t\u0131m a\u011f\u0131 ve stratejik ortakl\u0131klarla k\u00fcresel bir varl\u0131k olu\u015fturduk. \u00dcr\u00fcnlerimiz d\u00fcnya \u00e7ap\u0131nda ara\u00e7 klima sistemi profesyonelleri ve servis sa\u011flay\u0131c\u0131lar\u0131 taraf\u0131ndan g\u00fcvenilmekte ve kullan\u0131lmaktad\u0131r, bu da bizi klima servis makinesi \u00e7\u00f6z\u00fcmleri i\u00e7in g\u00fcvenilir bir se\u00e7im haline getirmektedir.\u00a0<\/span><\/p><p><b>Bize Ula\u015f\u0131n<\/b><span style=\"font-weight: 400;\">: ELCI ELEKTRONIK KL\u0130MA hakk\u0131nda bilgi edinmek \u00fczere zaman ay\u0131rd\u0131\u011f\u0131n\u0131z i\u00e7in te\u015fekk\u00fcr ederiz. \u00dcr\u00fcnlerimizi ke\u015ffetmek, detayl\u0131 bilgi almak i\u00e7in bizimle ileti\u015fime ge\u00e7ebilirsiniz:<\/span><\/p><p><b>Adres:<\/b><span style=\"font-weight: 400;\"> Elci Elektronik Klima San. Tic. Ltd. \u015eti. \u0130vedik OSB 1354 Cadde 1357 Sokak No:30 Yenimahalle 06378 Ankara T\u00fcrkiye<\/span><\/p><p><b>Telefon<\/b><span style=\"font-weight: 400;\">: +90 312 395 53 53 (PBX) <\/span><span style=\"font-weight: 400;\"><br \/><\/span><b>E-posta:<\/b><span style=\"font-weight: 400;\"> elci@elcielektronik.com<\/span><\/p><p><b>Web Sitesi<\/b><span style=\"font-weight: 400;\">: www.elcielektronik.com<\/span><\/p><p><span style=\"font-weight: 400;\">Size hizmet vermek, ihtiya\u00e7lar\u0131n\u0131z\u0131 kar\u015f\u0131layan ve beklentilerinizi a\u015fan kaliteli klima servis makinelerini sunmak i\u00e7in sab\u0131rs\u0131zlan\u0131yoruz.<\/span><\/p><p><i><span style=\"font-weight: 400;\">\u0130klimlendirme ve End\u00fcstriyel So\u011futma Sistemleri \u0130\u00e7in Yenilik\u00e7i \u00c7\u00f6z\u00fcmler<\/span><\/i><\/p><p><span style=\"font-weight: 400;\">\u00a0<\/span><b>M\u0130SYONUMUZ<\/b><\/p><p><span style=\"font-weight: 400;\">Misyonumuz, d\u00fcnya \u00e7ap\u0131nda bireyler, i\u015fletmeler ve topluluklar i\u00e7in konforu art\u0131ran ve hava kalitesini iyile\u015ftiren yenilik\u00e7i ve g\u00fcvenilir \u00e7\u00f6z\u00fcmler sunan, klima servis makinelerinin \u00f6nde gelen \u00fcreticisi olmakt\u0131r. M\u00fc\u015fteri beklentilerini a\u015fan, s\u00fcrd\u00fcr\u00fclebilirli\u011fi destekleyen ve daha sa\u011fl\u0131kl\u0131 bir \u00e7evreye katk\u0131da bulunan \u00fcr\u00fcnler yaratmaya \u00e7al\u0131\u015f\u0131yoruz.<\/span><\/p><p><span style=\"font-weight: 400;\">\u00a0<\/span><b>V\u0130ZYONUMUZ<\/b><\/p><p><span style=\"font-weight: 400;\">Vizyonumuz, en son teknoloji, \u00fcst\u00fcn m\u00fchendislik ve m\u00fckemmellik taahh\u00fcd\u00fc ile klima end\u00fcstrisinde yenilikler yaratmakt\u0131r. Klima servis makinelerimizin verimlilik, dayan\u0131kl\u0131l\u0131k ve geli\u015fmi\u015f \u00f6zelliklerle e\u015fanlaml\u0131 oldu\u011fu bir gelecek tasavvur ediyoruz. \u0130novasyonun s\u0131n\u0131rlar\u0131n\u0131 s\u00fcrekli zorlayarak, yeni standartlar belirleyerek ve klima sistemlerinin servis ve bak\u0131m y\u00f6ntemlerini \u015fekillendirerek end\u00fcstrinin \u00f6n saflar\u0131nda yer almay\u0131 hedefliyoruz.<\/span><\/p>\t\t\t\t\t\t\t\t<\/div>\n\t\t\t\t\t<\/div>\n\t\t<\/div>\n\t\t\t\t\t<\/div>\n\t\t<\/section>\n\t\t\t\t<\/div>\n\t\t","protected":false},"excerpt":{"rendered":"<p>ELC\u0130 ELEKTRON\u0130K KL\u0130MA ELCI ELEKTRONIK KL\u0130MA, 2003 y\u0131l\u0131nda kurulmu\u015f, son teknoloji gaz dolum cihazlar\u0131n\u0131n \u00f6nde gelen \u00fcreticisidir. Kaliteye, yenili\u011fe ve<\/p>\n","protected":false},"author":1,"featured_media":0,"parent":0,"menu_order":0,"comment_status":"closed","ping_status":"closed","template":"","meta":{"_joinchat":[],"footnotes":""},"class_list":["post-10900","page","type-page","status-publish","hentry"],"aioseo_notices":[],"_links":{"self":[{"href":"https:\/\/elcielektronik.com\/tr\/wp-json\/wp\/v2\/pages\/10900","targetHints":{"allow":["GET"]}}],"collection":[{"href":"https:\/\/elcielektronik.com\/tr\/wp-json\/wp\/v2\/pages"}],"about":[{"href":"https:\/\/elcielektronik.com\/tr\/wp-json\/wp\/v2\/types\/page"}],"author":[{"embeddable":true,"href":"https:\/\/elcielektronik.com\/tr\/wp-json\/wp\/v2\/users\/1"}],"replies":[{"embeddable":true,"href":"https:\/\/elcielektronik.com\/tr\/wp-json\/wp\/v2\/comments?post=10900"}],"version-history":[{"count":292,"href":"https:\/\/elcielektronik.com\/tr\/wp-json\/wp\/v2\/pages\/10900\/revisions"}],"predecessor-version":[{"id":18407,"href":"https:\/\/elcielektronik.com\/tr\/wp-json\/wp\/v2\/pages\/10900\/revisions\/18407"}],"wp:attachment":[{"href":"https:\/\/elcielektronik.com\/tr\/wp-json\/wp\/v2\/media?parent=10900"}],"curies":[{"name":"wp","href":"https:\/\/api.w.org\/{rel}","templated":true}]}}