{"id":14434,"date":"2025-05-19T16:12:34","date_gmt":"2025-05-19T16:12:34","guid":{"rendered":"https:\/\/elcielektronik.com\/?page_id=14434"},"modified":"2026-04-10T14:56:45","modified_gmt":"2026-04-10T14:56:45","slug":"teknik-servis-destek","status":"publish","type":"page","link":"https:\/\/elcielektronik.com\/tr\/teknik-servis-destek\/","title":{"rendered":"Teknik Servis &#038; Destek"},"content":{"rendered":"\t\t<div data-elementor-type=\"wp-page\" data-elementor-id=\"14434\" class=\"elementor elementor-14434\" data-elementor-post-type=\"page\">\n\t\t\t\t<div class=\"elementor-element elementor-element-c1299fe e-con-full wd-section-stretch e-flex e-con e-parent\" data-id=\"c1299fe\" data-element_type=\"container\" data-e-type=\"container\" data-settings=\"{&quot;background_background&quot;:&quot;classic&quot;}\">\n\t\t<div class=\"elementor-element elementor-element-2c275f4 e-con-full e-flex e-con e-child\" data-id=\"2c275f4\" data-element_type=\"container\" data-e-type=\"container\">\n\t\t<div class=\"elementor-element elementor-element-61090dd e-con-full e-flex e-con e-child\" data-id=\"61090dd\" data-element_type=\"container\" data-e-type=\"container\">\n\t\t\t\t<div class=\"elementor-element elementor-element-4d98974 elementor-view-default elementor-position-block-start elementor-mobile-position-block-start elementor-widget elementor-widget-icon-box\" data-id=\"4d98974\" data-element_type=\"widget\" data-e-type=\"widget\" data-widget_type=\"icon-box.default\">\n\t\t\t\t\t\t\t<div class=\"elementor-icon-box-wrapper\">\n\n\t\t\t\t\t\t<div class=\"elementor-icon-box-icon\">\n\t\t\t\t<span  class=\"elementor-icon\">\n\t\t\t\t<i aria-hidden=\"true\" class=\"icon icon-tools\"><\/i>\t\t\t\t<\/span>\n\t\t\t<\/div>\n\t\t\t\n\t\t\t\t\t\t<div class=\"elementor-icon-box-content\">\n\n\t\t\t\t\t\t\t\t\t<h3 class=\"elementor-icon-box-title\">\n\t\t\t\t\t\t<span  >\n\t\t\t\t\t\t\tServis Prensiplerimiz\t\t\t\t\t\t<\/span>\n\t\t\t\t\t<\/h3>\n\t\t\t\t\n\t\t\t\t\t\t\t\t\t<p class=\"elementor-icon-box-description\">\n\t\t\t\t\t\tElci Elektronik Klima, birinci s\u0131n\u0131f \u00fcr\u00fcn, ekipman ve sat\u0131\u015f sonras\u0131 destek hizmetleri sunmaktad\u0131r \u2013 bu, m\u00fc\u015fterilerinin ba\u015far\u0131l\u0131 bir klima servisi ve onar\u0131m operasyonu geli\u015ftirmelerini sa\u011flayan bir kombinasyondur. M\u00fc\u015fteri memnuniyetini sa\u011flamak i\u00e7in Elci, \u00fclke genelinde 24 ila 48 saat i\u00e7inde yerinde servis deste\u011fi sa\u011flar. M\u00fc\u015fteri istekleri ve sorun giderme formlar\u0131 kaydedilir. Elci, t\u00fcm servis kay\u0131tlar\u0131n\u0131n bir kopyas\u0131n\u0131 tutar.\t\t\t\t\t<\/p>\n\t\t\t\t\n\t\t\t<\/div>\n\t\t\t\n\t\t<\/div>\n\t\t\t\t\t\t<\/div>\n\t\t\t\t<\/div>\n\t\t<div class=\"elementor-element elementor-element-38c255c e-con-full e-flex e-con e-child\" data-id=\"38c255c\" data-element_type=\"container\" data-e-type=\"container\">\n\t\t\t\t<div class=\"elementor-element elementor-element-a601f38 elementor-view-default elementor-position-block-start elementor-mobile-position-block-start elementor-widget elementor-widget-icon-box\" data-id=\"a601f38\" data-element_type=\"widget\" data-e-type=\"widget\" data-widget_type=\"icon-box.default\">\n\t\t\t\t\t\t\t<div class=\"elementor-icon-box-wrapper\">\n\n\t\t\t\t\t\t<div class=\"elementor-icon-box-icon\">\n\t\t\t\t<span  class=\"elementor-icon\">\n\t\t\t\t<svg aria-hidden=\"true\" class=\"e-font-icon-svg e-fas-project-diagram\" viewBox=\"0 0 640 512\" xmlns=\"http:\/\/www.w3.org\/2000\/svg\"><path d=\"M384 320H256c-17.67 0-32 14.33-32 32v128c0 17.67 14.33 32 32 32h128c17.67 0 32-14.33 32-32V352c0-17.67-14.33-32-32-32zM192 32c0-17.67-14.33-32-32-32H32C14.33 0 0 14.33 0 32v128c0 17.67 14.33 32 32 32h95.72l73.16 128.04C211.98 300.98 232.4 288 256 288h.28L192 175.51V128h224V64H192V32zM608 0H480c-17.67 0-32 14.33-32 32v128c0 17.67 14.33 32 32 32h128c17.67 0 32-14.33 32-32V32c0-17.67-14.33-32-32-32z\"><\/path><\/svg>\t\t\t\t<\/span>\n\t\t\t<\/div>\n\t\t\t\n\t\t\t\t\t\t<div class=\"elementor-icon-box-content\">\n\n\t\t\t\t\t\t\t\t\t<h3 class=\"elementor-icon-box-title\">\n\t\t\t\t\t\t<span  >\n\t\t\t\t\t\t\tGaranti Sonras\u0131\t\t\t\t\t\t<\/span>\n\t\t\t\t\t<\/h3>\n\t\t\t\t\n\t\t\t\t\t\t\t\t\t<p class=\"elementor-icon-box-description\">\n\t\t\t\t\t\tKullan\u0131lan veya de\u011fi\u015ftirilen t\u00fcm yedek par\u00e7alar teslimat tarihinden sonra kendi garantilerine tabidir. Garanti t\u00fcm makineyi kapsamaz, yedek par\u00e7alarla ve tamir edilen ekipmanla s\u0131n\u0131rl\u0131d\u0131r. Garanti, yanl\u0131\u015f kullan\u0131m, fiziksel hasar ve s\u0131v\u0131 hasar\u0131n\u0131 kapsamaz. Servis, destek ve tamir \u00fccretleri uygulanabilir.\t\t\t\t\t<\/p>\n\t\t\t\t\n\t\t\t<\/div>\n\t\t\t\n\t\t<\/div>\n\t\t\t\t\t\t<\/div>\n\t\t\t\t<\/div>\n\t\t\t\t<\/div>\n\t\t<div class=\"wd-negative-gap elementor-element elementor-element-34466ad e-flex e-con-boxed e-con e-child\" data-id=\"34466ad\" data-element_type=\"container\" data-e-type=\"container\">\n\t\t\t\t\t<div class=\"e-con-inner\">\n\t\t\t\t<div class=\"elementor-element elementor-element-fe47544 elementor-position-left elementor-vertical-align-middle elementor-widget elementor-widget-image-box\" data-id=\"fe47544\" data-element_type=\"widget\" data-e-type=\"widget\" data-widget_type=\"image-box.default\">\n\t\t\t\t\t<div class=\"elementor-image-box-wrapper\"><figure class=\"elementor-image-box-img\"><img loading=\"lazy\" decoding=\"async\" width=\"560\" height=\"175\" src=\"https:\/\/elcielektronik.com\/wp-content\/uploads\/2023\/03\/f8d95eda-59b9-40ad-9ab0-d363d02e4355.png\" class=\"attachment-full size-full wp-image-16310\" alt=\"\" srcset=\"https:\/\/elcielektronik.com\/wp-content\/uploads\/2023\/03\/f8d95eda-59b9-40ad-9ab0-d363d02e4355.png 560w, https:\/\/elcielektronik.com\/wp-content\/uploads\/2023\/03\/f8d95eda-59b9-40ad-9ab0-d363d02e4355-400x125.png 400w, https:\/\/elcielektronik.com\/wp-content\/uploads\/2023\/03\/f8d95eda-59b9-40ad-9ab0-d363d02e4355-18x6.png 18w, https:\/\/elcielektronik.com\/wp-content\/uploads\/2023\/03\/f8d95eda-59b9-40ad-9ab0-d363d02e4355-430x134.png 430w, https:\/\/elcielektronik.com\/wp-content\/uploads\/2023\/03\/f8d95eda-59b9-40ad-9ab0-d363d02e4355-150x47.png 150w\" sizes=\"auto, (max-width: 560px) 100vw, 560px\" \/><\/figure><div class=\"elementor-image-box-content\"><h3 class=\"elementor-image-box-title\">GARANT\u0130<\/h3><p class=\"elementor-image-box-description\">Elci Elektronik Klima taraf\u0131ndan \u00fcretilen gaz dolum makinalar\u0131 2 y\u0131l garantilidir.<\/p><\/div><\/div>\t\t\t\t<\/div>\n\t\t\t\t\t<\/div>\n\t\t\t\t<\/div>\n\t\t\t\t<\/div>\n\t\t\t\t<\/div>\n\t\t","protected":false},"excerpt":{"rendered":"<p>Servis Prensiplerimiz Elci Elektronik Klima, birinci s\u0131n\u0131f \u00fcr\u00fcn, ekipman ve sat\u0131\u015f sonras\u0131 destek hizmetleri sunmaktad\u0131r \u2013 bu, m\u00fc\u015fterilerinin ba\u015far\u0131l\u0131 bir<\/p>\n","protected":false},"author":1,"featured_media":0,"parent":0,"menu_order":0,"comment_status":"closed","ping_status":"closed","template":"","meta":{"_joinchat":[],"footnotes":""},"class_list":["post-14434","page","type-page","status-publish","hentry"],"aioseo_notices":[],"_links":{"self":[{"href":"https:\/\/elcielektronik.com\/tr\/wp-json\/wp\/v2\/pages\/14434","targetHints":{"allow":["GET"]}}],"collection":[{"href":"https:\/\/elcielektronik.com\/tr\/wp-json\/wp\/v2\/pages"}],"about":[{"href":"https:\/\/elcielektronik.com\/tr\/wp-json\/wp\/v2\/types\/page"}],"author":[{"embeddable":true,"href":"https:\/\/elcielektronik.com\/tr\/wp-json\/wp\/v2\/users\/1"}],"replies":[{"embeddable":true,"href":"https:\/\/elcielektronik.com\/tr\/wp-json\/wp\/v2\/comments?post=14434"}],"version-history":[{"count":89,"href":"https:\/\/elcielektronik.com\/tr\/wp-json\/wp\/v2\/pages\/14434\/revisions"}],"predecessor-version":[{"id":18427,"href":"https:\/\/elcielektronik.com\/tr\/wp-json\/wp\/v2\/pages\/14434\/revisions\/18427"}],"wp:attachment":[{"href":"https:\/\/elcielektronik.com\/tr\/wp-json\/wp\/v2\/media?parent=14434"}],"curies":[{"name":"wp","href":"https:\/\/api.w.org\/{rel}","templated":true}]}}