{"id":16602,"date":"2026-01-30T13:02:17","date_gmt":"2026-01-30T13:02:17","guid":{"rendered":"https:\/\/elcielektronik.com\/?page_id=16602"},"modified":"2026-04-10T14:49:05","modified_gmt":"2026-04-10T14:49:05","slug":"kalite-politikamiz","status":"publish","type":"page","link":"https:\/\/elcielektronik.com\/tr\/kalite-politikamiz\/","title":{"rendered":"Kalite Politikam\u0131z"},"content":{"rendered":"\t\t<div data-elementor-type=\"wp-page\" data-elementor-id=\"16602\" class=\"elementor elementor-16602\" data-elementor-post-type=\"page\">\n\t\t\t\t\t\t<section class=\"wd-negative-gap elementor-section elementor-top-section elementor-element elementor-element-8fba9e2 elementor-reverse-mobile elementor-section-full_width elementor-section-stretched elementor-section-height-default elementor-section-height-default\" data-id=\"8fba9e2\" data-element_type=\"section\" data-e-type=\"section\" data-settings=\"{&quot;background_background&quot;:&quot;classic&quot;,&quot;stretch_section&quot;:&quot;section-stretched&quot;}\">\n\t\t\t\t\t\t<div class=\"elementor-container elementor-column-gap-no\">\n\t\t\t\t\t<div class=\"elementor-column elementor-col-100 elementor-top-column elementor-element elementor-element-b114766\" data-id=\"b114766\" data-element_type=\"column\" data-e-type=\"column\">\n\t\t\t<div class=\"elementor-widget-wrap elementor-element-populated\">\n\t\t\t\t\t\t<div class=\"elementor-element elementor-element-1dad1c4 elementor-widget__width-initial wd-width-100 elementor-widget elementor-widget-wd_title\" data-id=\"1dad1c4\" data-element_type=\"widget\" data-e-type=\"widget\" data-widget_type=\"wd_title.default\">\n\t\t\t\t<div class=\"elementor-widget-container\">\n\t\t\t\t\t\t\t<div class=\"title-wrapper wd-set-mb reset-last-child wd-title-color-default wd-title-style-default wd-title-size-large text-left\">\n\n\t\t\t\n\t\t\t<div class=\"liner-continer\">\n\t\t\t\t<h4 class=\"woodmart-title-container title wd-fontsize-xxl wd-underline-colored\"><\/h4> \n\t\t\t\t\t\t\t<\/div>\n\n\t\t\t\t\t<\/div>\n\t\t\t\t\t\t<\/div>\n\t\t\t\t<\/div>\n\t\t\t\t<div class=\"elementor-element elementor-element-3fcfaeb elementor-widget__width-initial wd-width-100 elementor-widget elementor-widget-wd_title\" data-id=\"3fcfaeb\" data-element_type=\"widget\" data-e-type=\"widget\" data-widget_type=\"wd_title.default\">\n\t\t\t\t<div class=\"elementor-widget-container\">\n\t\t\t\t\t\t\t<div class=\"title-wrapper wd-set-mb reset-last-child wd-title-color-default wd-title-style-shadow wd-title-size-large text-left\">\n\n\t\t\t\n\t\t\t<div class=\"liner-continer\">\n\t\t\t\t<h4 class=\"woodmart-title-container title wd-fontsize-xxl wd-underline-colored\"><span style=\"color: #00a852\">Kalite Politikam\u0131z<\/span><\/h4> \n\t\t\t\t\t\t\t<\/div>\n\n\t\t\t\t\t<\/div>\n\t\t\t\t\t\t<\/div>\n\t\t\t\t<\/div>\n\t\t<div class=\"elementor-element elementor-element-cf54471 e-con-full e-flex e-con e-parent\" data-id=\"cf54471\" data-element_type=\"container\" data-e-type=\"container\">\n\t\t<div class=\"elementor-element elementor-element-53c75c1 e-con-full e-flex e-con e-child\" data-id=\"53c75c1\" data-element_type=\"container\" data-e-type=\"container\">\n\t\t\t\t<div class=\"elementor-element elementor-element-3e7144a color-scheme-inherit text-left elementor-widget elementor-widget-text-editor\" data-id=\"3e7144a\" data-element_type=\"widget\" data-e-type=\"widget\" data-widget_type=\"text-editor.default\">\n\t\t\t\t\t\t\t\t\t<section class=\"elementor-section elementor-top-section elementor-element elementor-element-015bd30 elementor-section-boxed elementor-section-height-default elementor-section-height-default\" data-id=\"015bd30\" data-element_type=\"section\"><div class=\"elementor-container elementor-column-gap-default\"><div class=\"elementor-column elementor-col-100 elementor-top-column elementor-element elementor-element-195f282\" data-id=\"195f282\" data-element_type=\"column\"><div class=\"elementor-widget-wrap elementor-element-populated\"><div class=\"elementor-element elementor-element-c1eeec4 elementor-widget elementor-widget-heading\" data-id=\"c1eeec4\" data-element_type=\"widget\" data-widget_type=\"heading.default\"><div class=\"elementor-widget-container\"><h2 class=\"elementor-heading-title elementor-size-large\">Kalite Politikam\u0131z<\/h2><\/div><\/div><\/div><\/div><\/div><\/section><section class=\"elementor-section elementor-top-section elementor-element elementor-element-2875986 elementor-section-boxed elementor-section-height-default elementor-section-height-default\" data-id=\"2875986\" data-element_type=\"section\"><div class=\"elementor-container elementor-column-gap-default\"><div class=\"elementor-column elementor-col-100 elementor-top-column elementor-element elementor-element-fa2f5d6\" data-id=\"fa2f5d6\" data-element_type=\"column\"><div class=\"elementor-widget-wrap elementor-element-populated\"><div class=\"elementor-element elementor-element-8dc6894 elementor-widget elementor-widget-text-editor\" data-id=\"8dc6894\" data-element_type=\"widget\" data-widget_type=\"text-editor.default\"><div class=\"elementor-widget-container\"><p>Kalite y\u00f6netim sistemimizin ISO 9001 standard\u0131n\u0131n gereklerini yerine getirecek \u015fekilde dok\u00fcmante edilmesi, belgelendirilmesi ve s\u00fcrekli iyile\u015ftirilmesini sa\u011flamak,\u0130\u00e7 ve d\u0131\u015f m\u00fc\u015fterilerimizin gereksinimlerini ve beklentilerini kar\u015f\u0131lamak, s\u00fcrekli m\u00fc\u015fteri memnuniyeti sa\u011flamak,\u00c7evre sorumlulu\u011fu bilincinde, insan, hayvan ve \u00e7evre sa\u011fl\u0131\u011f\u0131na zarar vermeyecek g\u00fcvenilir \u00fcr\u00fcnler \u00fcretmek,T\u00fcm \u00e7al\u0131\u015fanlar\u0131n, s\u00fcrekli olarak kalite sisteminin geli\u015ftirilmesi ve iyile\u015ftirilmesi faaliyetlerine kat\u0131l\u0131m\u0131n\u0131 sa\u011flamak,M\u00fc\u015fterilerimize en kaliteli \u00fcr\u00fcnleri, en uygun fiyata sunabilmek i\u00e7in s\u00fcrekli iyile\u015ftirmeler yapmak.<\/p><\/div><\/div><\/div><\/div><\/div><\/section><section class=\"elementor-section elementor-top-section elementor-element elementor-element-27563d2 elementor-section-boxed elementor-section-height-default elementor-section-height-default\" data-id=\"27563d2\" data-element_type=\"section\"><div class=\"elementor-container elementor-column-gap-default\"><div class=\"elementor-column elementor-col-100 elementor-top-column elementor-element elementor-element-214f91c\" data-id=\"214f91c\" data-element_type=\"column\"><div class=\"elementor-widget-wrap elementor-element-populated\"><div class=\"elementor-element elementor-element-a3164e1 elementor-widget elementor-widget-heading\" data-id=\"a3164e1\" data-element_type=\"widget\" data-widget_type=\"heading.default\"><div class=\"elementor-widget-container\"><h2 class=\"elementor-heading-title elementor-size-large\">Misyonumuz<\/h2><h2 class=\"elementor-heading-title elementor-size-large\"><span style=\"color: #333333; font-size: 16px;\">Otomotiv sekt\u00f6r\u00fcnde, en geli\u015fmi\u015f teknolojileri kullanarak kullan\u0131c\u0131 ve \u00e7evre dostu, g\u00fcvenilir ve yenilik\u00e7i cihazlar \u00fcretmek.<\/span><\/h2><\/div><\/div><\/div><\/div><\/div><\/section><section class=\"elementor-section elementor-top-section elementor-element elementor-element-e869894 elementor-section-boxed elementor-section-height-default elementor-section-height-default\" data-id=\"e869894\" data-element_type=\"section\"><div class=\"elementor-container elementor-column-gap-default\"><div class=\"elementor-column elementor-col-100 elementor-top-column elementor-element elementor-element-5473d33\" data-id=\"5473d33\" data-element_type=\"column\"><div class=\"elementor-widget-wrap elementor-element-populated\"><div class=\"elementor-element elementor-element-3d3a94a elementor-widget elementor-widget-text-editor\" data-id=\"3d3a94a\" data-element_type=\"widget\" data-widget_type=\"text-editor.default\"><div class=\"elementor-widget-container\"><p class=\"p1\"><span class=\"s1\">M\u00fc\u015fteri ihtiya\u00e7lar\u0131n\u0131 do\u011fru analiz ederek kaliteli \u00fcr\u00fcnleri en uygun ko\u015fullarda sunmak, sat\u0131\u015f sonras\u0131 destek s\u00fcre\u00e7lerimizle m\u00fc\u015fteri memnuniyetini en \u00fcst seviyede tutmak.<\/span><\/p><p class=\"p1\"><span class=\"s1\">Kalite y\u00f6netim sistemlerimizi s\u00fcrekli geli\u015ftirerek, \u00e7al\u0131\u015fanlar\u0131m\u0131z\u0131n kat\u0131l\u0131m\u0131yla s\u00fcrd\u00fcr\u00fclebilir iyile\u015ftirmeyi sa\u011flamak ve sekt\u00f6rde g\u00fcvenilirli\u011fi ile \u00f6ne \u00e7\u0131kan bir marka olmak.<\/span><\/p><\/div><\/div><\/div><\/div><\/div><\/section><section class=\"elementor-section elementor-top-section elementor-element elementor-element-cd0e661 elementor-section-boxed elementor-section-height-default elementor-section-height-default\" data-id=\"cd0e661\" data-element_type=\"section\"><div class=\"elementor-container elementor-column-gap-default\"><div class=\"elementor-column elementor-col-100 elementor-top-column elementor-element elementor-element-dff11a2\" data-id=\"dff11a2\" data-element_type=\"column\"><div class=\"elementor-widget-wrap elementor-element-populated\"><div class=\"elementor-element elementor-element-04a0316 elementor-widget elementor-widget-heading\" data-id=\"04a0316\" data-element_type=\"widget\" data-widget_type=\"heading.default\"><div class=\"elementor-widget-container\"><h2 class=\"elementor-heading-title elementor-size-large\">Vizyonumuz<\/h2><\/div><\/div><\/div><\/div><\/div><\/section><section class=\"elementor-section elementor-top-section elementor-element elementor-element-fc08b97 elementor-section-boxed elementor-section-height-default elementor-section-height-default\" data-id=\"fc08b97\" data-element_type=\"section\"><div class=\"elementor-container elementor-column-gap-default\"><div class=\"elementor-column elementor-col-100 elementor-top-column elementor-element elementor-element-3e85dc7\" data-id=\"3e85dc7\" data-element_type=\"column\"><div class=\"elementor-widget-wrap elementor-element-populated\"><div class=\"elementor-element elementor-element-fd9ef7d elementor-widget elementor-widget-text-editor\" data-id=\"fd9ef7d\" data-element_type=\"widget\" data-widget_type=\"text-editor.default\"><div class=\"elementor-widget-container\"><p class=\"p1\"><span class=\"s1\">T\u00fcrkiye pazar\u0131ndaki lider konumumuzu g\u00fc\u00e7lendirerek, global pazarda rekabet edebilen ve tercih edilen bir marka haline gelmek.<\/span><\/p><p class=\"p1\"><span class=\"s1\">Teknoloji, kalite ve m\u00fc\u015fteri memnuniyetini merkezine alan yakla\u015f\u0131m\u0131m\u0131zla; yenilik\u00e7i \u00fcr\u00fcnlerimizle sekt\u00f6re y\u00f6n veren, s\u00fcrd\u00fcr\u00fclebilir b\u00fcy\u00fcme sa\u011flayan ve uluslararas\u0131 bilinirli\u011fi y\u00fcksek bir marka olmak.<\/span><\/p><\/div><\/div><\/div><\/div><\/div><\/section>\t\t\t\t\t\t\t\t<\/div>\n\t\t\t\t<\/div>\n\t\t\t\t<\/div>\n\t\t\t\t\t<\/div>\n\t\t<\/div>\n\t\t\t\t\t<\/div>\n\t\t<\/section>\n\t\t\t\t<\/div>\n\t\t","protected":false},"excerpt":{"rendered":"<p>&nbsp; Kalite Politikam\u0131z Kalite Politikam\u0131z Kalite y\u00f6netim sistemimizin ISO 9001 standard\u0131n\u0131n gereklerini yerine getirecek \u015fekilde dok\u00fcmante edilmesi, belgelendirilmesi ve s\u00fcrekli<\/p>\n","protected":false},"author":1,"featured_media":0,"parent":0,"menu_order":0,"comment_status":"closed","ping_status":"closed","template":"","meta":{"_joinchat":[],"footnotes":""},"class_list":["post-16602","page","type-page","status-publish","hentry"],"aioseo_notices":[],"_links":{"self":[{"href":"https:\/\/elcielektronik.com\/tr\/wp-json\/wp\/v2\/pages\/16602","targetHints":{"allow":["GET"]}}],"collection":[{"href":"https:\/\/elcielektronik.com\/tr\/wp-json\/wp\/v2\/pages"}],"about":[{"href":"https:\/\/elcielektronik.com\/tr\/wp-json\/wp\/v2\/types\/page"}],"author":[{"embeddable":true,"href":"https:\/\/elcielektronik.com\/tr\/wp-json\/wp\/v2\/users\/1"}],"replies":[{"embeddable":true,"href":"https:\/\/elcielektronik.com\/tr\/wp-json\/wp\/v2\/comments?post=16602"}],"version-history":[{"count":14,"href":"https:\/\/elcielektronik.com\/tr\/wp-json\/wp\/v2\/pages\/16602\/revisions"}],"predecessor-version":[{"id":18413,"href":"https:\/\/elcielektronik.com\/tr\/wp-json\/wp\/v2\/pages\/16602\/revisions\/18413"}],"wp:attachment":[{"href":"https:\/\/elcielektronik.com\/tr\/wp-json\/wp\/v2\/media?parent=16602"}],"curies":[{"name":"wp","href":"https:\/\/api.w.org\/{rel}","templated":true}]}}