{"id":17286,"date":"2026-02-09T21:12:24","date_gmt":"2026-02-09T21:12:24","guid":{"rendered":"https:\/\/elcielektronik.com\/?page_id=17286"},"modified":"2026-04-10T14:57:45","modified_gmt":"2026-04-10T14:57:45","slug":"vakum-pompasi-yaglari","status":"publish","type":"page","link":"https:\/\/elcielektronik.com\/tr\/vakum-pompasi-yaglari\/","title":{"rendered":"Vakum Pompas\u0131 &#038; Ya\u011flar\u0131"},"content":{"rendered":"\t\t<div data-elementor-type=\"wp-page\" data-elementor-id=\"17286\" class=\"elementor elementor-17286\" data-elementor-post-type=\"page\">\n\t\t\t\t<div class=\"elementor-element elementor-element-25b5b341 e-con-full wd-section-stretch elementor-hidden-mobile e-flex e-con e-parent\" data-id=\"25b5b341\" data-element_type=\"container\" data-e-type=\"container\" data-settings=\"{&quot;background_background&quot;:&quot;classic&quot;}\">\n\t\t<div class=\"wd-negative-gap elementor-element elementor-element-e5cd409 e-flex e-con-boxed e-con e-child\" data-id=\"e5cd409\" data-element_type=\"container\" data-e-type=\"container\" data-settings=\"{&quot;background_background&quot;:&quot;classic&quot;}\">\n\t\t\t\t\t<div class=\"e-con-inner\">\n\t\t<div class=\"elementor-element elementor-element-307e7ee e-con-full e-flex e-con e-child\" data-id=\"307e7ee\" data-element_type=\"container\" data-e-type=\"container\">\n\t\t\t\t<div class=\"elementor-element elementor-element-36aea5e elementor-widget elementor-widget-heading\" data-id=\"36aea5e\" data-element_type=\"widget\" data-e-type=\"widget\" data-widget_type=\"heading.default\">\n\t\t\t\t\t<h2 class=\"elementor-heading-title elementor-size-default\">Vakum Pompas\u0131 &amp; Ya\u011flar\u0131<\/h2>\t\t\t\t<\/div>\n\t\t\t\t<div class=\"elementor-element elementor-element-bf91b56 text-center wd-el-breadcrumbs elementor-widget elementor-widget-wd_element_breadcrumbs\" data-id=\"bf91b56\" data-element_type=\"widget\" data-e-type=\"widget\" data-widget_type=\"wd_element_breadcrumbs.default\">\n\t\t\t\t<div class=\"elementor-widget-container\">\n\t\t\t\t\t<nav class=\"wd-breadcrumbs\"><a href=\"https:\/\/elcielektronik.com\/tr\/\">Anasayfa<\/a><span class=\"wd-delimiter\"><\/span><span class=\"wd-last\">Sayfa<\/span><\/nav>\t\t\t\t<\/div>\n\t\t\t\t<\/div>\n\t\t\t\t<\/div>\n\t\t\t\t\t<\/div>\n\t\t\t\t<\/div>\n\t\t\t\t<\/div>\n\t\t<div class=\"elementor-element elementor-element-a23693b e-con-full wd-section-stretch elementor-hidden-mobile e-flex e-con e-parent\" data-id=\"a23693b\" data-element_type=\"container\" data-e-type=\"container\" data-settings=\"{&quot;background_background&quot;:&quot;classic&quot;}\">\n\t\t<div class=\"elementor-element elementor-element-805f051 e-con-full e-flex e-con e-child\" data-id=\"805f051\" data-element_type=\"container\" data-e-type=\"container\">\n\t\t\t\t<div class=\"elementor-element elementor-element-11915b9 elementor-widget elementor-widget-heading\" data-id=\"11915b9\" data-element_type=\"widget\" data-e-type=\"widget\" data-widget_type=\"heading.default\">\n\t\t\t\t\t<h2 class=\"elementor-heading-title elementor-size-default\">Value Vakum Pompas\u0131<\/h2>\t\t\t\t<\/div>\n\t\t\t\t<div class=\"elementor-element elementor-element-f937392 color-scheme-inherit text-left elementor-widget elementor-widget-text-editor\" data-id=\"f937392\" data-element_type=\"widget\" data-e-type=\"widget\" data-widget_type=\"text-editor.default\">\n\t\t\t\t\t\t\t\t\t<ul><li>Par\u00e7a No: ELC-CC26V \/ ELC-CC27V \/ ELC-CC29V \/ ELC-CC30V<\/li><li>Klima gaz dolum cihazlar\u0131 ve genel kullan\u0131mlar i\u00e7in<\/li><li>\u00dcst\u00fcn performansl\u0131<\/li><li><p>Par\u00e7a No: ELC-A09<\/p><\/li><li>Vakum pompas\u0131ndaki hareketli aksamlarda gelen s\u00fcrt\u00fcnmeyi minimum seviyeye indirir<\/li><li>Pompan\u0131n\u0131 t\u0131kanma oran\u0131n\u0131 d\u00fc\u015f\u00fcr\u00fcr<\/li><li>Oksitlenmeye kar\u015f\u0131 olduk\u00e7a etkilidir<\/li><\/ul>\t\t\t\t\t\t\t\t<\/div>\n\t\t<div class=\"elementor-element elementor-element-fafd3e1 e-con-full e-flex e-con e-child\" data-id=\"fafd3e1\" data-element_type=\"container\" data-e-type=\"container\">\n\t\t<div class=\"elementor-element elementor-element-d63a5fa e-con-full e-flex e-con e-child\" data-id=\"d63a5fa\" data-element_type=\"container\" data-e-type=\"container\">\n\t\t\t\t<div class=\"elementor-element elementor-element-5053345 elementor-widget elementor-widget-wd_button\" data-id=\"5053345\" data-element_type=\"widget\" data-e-type=\"widget\" data-widget_type=\"wd_button.default\">\n\t\t\t\t<div class=\"elementor-widget-container\">\n\t\t\t\t\t\t\t<div class=\"wd-button-wrapper text-left\" >\n\t\t\t<a class=\"btn btn-style-bordered btn-shape-semi-round btn-size-large btn-color-black btn-icon-pos-right\"  href=\"https:\/\/www.elcimarketim.com\/urun\/value-vakum-pompasi-ve115\">\n\t\t\t\t<span class=\"wd-btn-text\" data-elementor-setting-key=\"text\">\n\t\t\t\t\tDaha Fazla\t\t\t\t<\/span>\n\n\t\t\t\t\t\t\t<\/a>\n\t\t<\/div>\n\t\t\t\t\t\t<\/div>\n\t\t\t\t<\/div>\n\t\t\t\t<\/div>\n\t\t\t\t<\/div>\n\t\t\t\t<\/div>\n\t\t<div class=\"elementor-element elementor-element-3ab1bd7 e-con-full e-flex e-con e-child\" data-id=\"3ab1bd7\" data-element_type=\"container\" data-e-type=\"container\">\n\t\t\t\t<div class=\"elementor-element elementor-element-46d78d3 elementor-widget elementor-widget-image\" data-id=\"46d78d3\" data-element_type=\"widget\" data-e-type=\"widget\" data-widget_type=\"image.default\">\n\t\t\t\t\t\t\t\t\t\t\t\t\t\t\t<img loading=\"lazy\" decoding=\"async\" width=\"500\" height=\"500\" src=\"https:\/\/elcielektronik.com\/wp-content\/uploads\/2026\/02\/Untitled-design-7-2.png\" class=\"attachment-full size-full wp-image-17288\" alt=\"\" srcset=\"https:\/\/elcielektronik.com\/wp-content\/uploads\/2026\/02\/Untitled-design-7-2.png 500w, https:\/\/elcielektronik.com\/wp-content\/uploads\/2026\/02\/Untitled-design-7-2-300x300.png 300w, https:\/\/elcielektronik.com\/wp-content\/uploads\/2026\/02\/Untitled-design-7-2-150x150.png 150w, https:\/\/elcielektronik.com\/wp-content\/uploads\/2026\/02\/Untitled-design-7-2-12x12.png 12w, https:\/\/elcielektronik.com\/wp-content\/uploads\/2026\/02\/Untitled-design-7-2-430x430.png 430w\" sizes=\"auto, (max-width: 500px) 100vw, 500px\" \/>\t\t\t\t\t\t\t\t\t\t\t\t\t\t\t<\/div>\n\t\t\t\t<\/div>\n\t\t\t\t<\/div>\n\t\t<div class=\"elementor-element elementor-element-85c89eb e-con-full wd-section-stretch elementor-hidden-desktop elementor-hidden-tablet e-flex e-con e-parent\" data-id=\"85c89eb\" data-element_type=\"container\" data-e-type=\"container\" data-settings=\"{&quot;background_background&quot;:&quot;classic&quot;}\">\n\t\t<div class=\"elementor-element elementor-element-3c1242f e-con-full e-flex e-con e-child\" data-id=\"3c1242f\" data-element_type=\"container\" data-e-type=\"container\">\n\t\t\t\t<div class=\"elementor-element elementor-element-596f19c elementor-widget elementor-widget-image\" data-id=\"596f19c\" data-element_type=\"widget\" data-e-type=\"widget\" data-widget_type=\"image.default\">\n\t\t\t\t\t\t\t\t\t\t\t\t\t\t\t<img loading=\"lazy\" decoding=\"async\" width=\"500\" height=\"500\" src=\"https:\/\/elcielektronik.com\/wp-content\/uploads\/2026\/02\/Untitled-design-7-2.png\" class=\"attachment-full size-full wp-image-17288\" alt=\"\" srcset=\"https:\/\/elcielektronik.com\/wp-content\/uploads\/2026\/02\/Untitled-design-7-2.png 500w, https:\/\/elcielektronik.com\/wp-content\/uploads\/2026\/02\/Untitled-design-7-2-300x300.png 300w, https:\/\/elcielektronik.com\/wp-content\/uploads\/2026\/02\/Untitled-design-7-2-150x150.png 150w, https:\/\/elcielektronik.com\/wp-content\/uploads\/2026\/02\/Untitled-design-7-2-12x12.png 12w, https:\/\/elcielektronik.com\/wp-content\/uploads\/2026\/02\/Untitled-design-7-2-430x430.png 430w\" sizes=\"auto, (max-width: 500px) 100vw, 500px\" \/>\t\t\t\t\t\t\t\t\t\t\t\t\t\t\t<\/div>\n\t\t\t\t<\/div>\n\t\t<div class=\"elementor-element elementor-element-04b860f e-con-full e-flex e-con e-child\" data-id=\"04b860f\" data-element_type=\"container\" data-e-type=\"container\">\n\t\t\t\t<div class=\"elementor-element elementor-element-195250b elementor-widget elementor-widget-heading\" data-id=\"195250b\" data-element_type=\"widget\" data-e-type=\"widget\" data-widget_type=\"heading.default\">\n\t\t\t\t\t<h2 class=\"elementor-heading-title elementor-size-default\">Value Vakum Pompas\u0131<\/h2>\t\t\t\t<\/div>\n\t\t\t\t<div class=\"elementor-element elementor-element-380b103 color-scheme-inherit text-left elementor-widget elementor-widget-text-editor\" data-id=\"380b103\" data-element_type=\"widget\" data-e-type=\"widget\" data-widget_type=\"text-editor.default\">\n\t\t\t\t\t\t\t\t\t<ul><li>Par\u00e7a No: ELC-CC26V \/ ELC-CC27V \/ ELC-CC29V \/ ELC-CC30V<\/li><li>Klima gaz dolum cihazlar\u0131 ve genel kullan\u0131mlar i\u00e7in<\/li><li>\u00dcst\u00fcn performansl\u0131<\/li><li><p>Par\u00e7a No: ELC-A09<\/p><\/li><li>Vakum pompas\u0131ndaki hareketli aksamlarda gelen s\u00fcrt\u00fcnmeyi minimum seviyeye indirir<\/li><li>Pompan\u0131n\u0131 t\u0131kanma oran\u0131n\u0131 d\u00fc\u015f\u00fcr\u00fcr<\/li><li>Oksitlenmeye kar\u015f\u0131 olduk\u00e7a etkilidir<\/li><\/ul>\t\t\t\t\t\t\t\t<\/div>\n\t\t<div class=\"elementor-element elementor-element-6cc8c24 e-con-full e-flex e-con e-child\" data-id=\"6cc8c24\" data-element_type=\"container\" data-e-type=\"container\">\n\t\t<div class=\"elementor-element elementor-element-aae48ce e-con-full e-flex e-con e-child\" data-id=\"aae48ce\" data-element_type=\"container\" data-e-type=\"container\">\n\t\t\t\t<div class=\"elementor-element elementor-element-9b2271a elementor-widget elementor-widget-wd_button\" data-id=\"9b2271a\" data-element_type=\"widget\" data-e-type=\"widget\" data-widget_type=\"wd_button.default\">\n\t\t\t\t<div class=\"elementor-widget-container\">\n\t\t\t\t\t\t\t<div class=\"wd-button-wrapper text-left\" >\n\t\t\t<a class=\"btn btn-style-bordered btn-shape-semi-round btn-size-large btn-color-black btn-icon-pos-right\"  href=\"https:\/\/www.elcimarketim.com\/urun\/value-vakum-pompasi-ve115\">\n\t\t\t\t<span class=\"wd-btn-text\" data-elementor-setting-key=\"text\">\n\t\t\t\t\tDaha Fazla\t\t\t\t<\/span>\n\n\t\t\t\t\t\t\t<\/a>\n\t\t<\/div>\n\t\t\t\t\t\t<\/div>\n\t\t\t\t<\/div>\n\t\t\t\t<\/div>\n\t\t\t\t<\/div>\n\t\t\t\t<\/div>\n\t\t\t\t<\/div>\n\t\t<div class=\"elementor-element elementor-element-d8bdd8a e-con-full wd-section-stretch e-flex e-con e-parent\" data-id=\"d8bdd8a\" data-element_type=\"container\" data-e-type=\"container\">\n\t\t<div class=\"elementor-element elementor-element-692ff94 e-con-full e-flex e-con e-child\" data-id=\"692ff94\" data-element_type=\"container\" data-e-type=\"container\">\n\t\t\t\t<div class=\"elementor-element elementor-element-4b3b8c7 elementor-widget elementor-widget-heading\" data-id=\"4b3b8c7\" data-element_type=\"widget\" data-e-type=\"widget\" data-widget_type=\"heading.default\">\n\t\t\t\t\t<h2 class=\"elementor-heading-title elementor-size-default\">Di\u011fer \u00dcr\u00fcnlerimiz<\/h2>\t\t\t\t<\/div>\n\t\t\t\t<\/div>\n\t\t\t\t<div class=\"elementor-element elementor-element-fff53c4 wd-width-100 elementor-widget elementor-widget-wd_banner_carousel\" data-id=\"fff53c4\" data-element_type=\"widget\" data-e-type=\"widget\" data-widget_type=\"wd_banner_carousel.default\">\n\t\t\t\t<div class=\"elementor-widget-container\">\n\t\t\t\t\t\t\t<div class=\"wd-carousel-container banners-carousel-wrapper\">\n\t\t\t<div class=\"wd-carousel-inner\">\n\t\t\t\t<div class=\"wd-carousel wd-grid banners-carousel\" data-speed=\"4000\" data-wrap=\"yes\" data-autoplay=\"yes\" data-scroll_per_page=\"yes\" style=\"--wd-col-lg:4;--wd-col-md:4;--wd-col-sm:1;--wd-gap-lg:30px;--wd-gap-sm:10px;\">\n\t\t\t\t\t<div class=\"wd-carousel-wrap\">\n\t\t\t\t\t\t\t\t\t\t\t\t\t\t\t\t\t\t\t\t\t\t<div class=\"promo-banner-wrapper wd-carousel-item elementor-repeater-item-dfeefdf\">\n\t\t\t<div class=\"promo-banner banner-content-background banner-hover-none color-scheme- banner-btn-size-extra-small banner-btn-style-default with-btn banner-btn-position-static wd-with-link\">\n\t\t\t\t<div class=\"main-wrapp-img\">\n\t\t\t\t\t<div class=\"banner-image\">\n\t\t\t\t\t\t\t\t\t\t\t\t\t\t\t\t\t\t\t\t\t<img loading=\"lazy\" decoding=\"async\" width=\"500\" height=\"500\" src=\"https:\/\/elcielektronik.com\/wp-content\/uploads\/2026\/02\/80492cf1-5bca-49b8-b7aa-f79d6540c13a-1.png\" class=\"attachment-full size-full\" alt=\"\" srcset=\"https:\/\/elcielektronik.com\/wp-content\/uploads\/2026\/02\/80492cf1-5bca-49b8-b7aa-f79d6540c13a-1.png 500w, https:\/\/elcielektronik.com\/wp-content\/uploads\/2026\/02\/80492cf1-5bca-49b8-b7aa-f79d6540c13a-1-300x300.png 300w, https:\/\/elcielektronik.com\/wp-content\/uploads\/2026\/02\/80492cf1-5bca-49b8-b7aa-f79d6540c13a-1-150x150.png 150w, https:\/\/elcielektronik.com\/wp-content\/uploads\/2026\/02\/80492cf1-5bca-49b8-b7aa-f79d6540c13a-1-12x12.png 12w, https:\/\/elcielektronik.com\/wp-content\/uploads\/2026\/02\/80492cf1-5bca-49b8-b7aa-f79d6540c13a-1-430x430.png 430w\" sizes=\"auto, (max-width: 500px) 100vw, 500px\" \/>\t\t\t\t\t\t\t\t\t\t\t\t\t\t\t\t\t\t<\/div>\n\t\t\t\t<\/div>\n\n\t\t\t\t<div class=\"wrapper-content-banner wd-fill wd-items-bottom wd-justify-left\">\n\t\t\t\t\t<div class=\"content-banner  text-left\">\n\t\t\t\t\t\t\n\t\t\t\t\t\t\t\t\t\t\t\t\t<h4 class=\"banner-title wd-fontsize-l\" data-elementor-setting-key=\"title\">\n\t\t\t\t\t\t\t\tEKM Pro\t\t\t\t\t\t\t<\/h4>\n\t\t\t\t\t\t\n\t\t\t\t\t\t\n\t\t\t\t\t\t\n\t\t\t\t\t\t\t\t\t\t\t\t\t<div class=\"banner-btn-wrapper\">\n\t\t\t\t\t\t\t\t\t\t<div class=\"wd-button-wrapper text-left\" >\n\t\t\t<a class=\"btn btn-style-default btn-shape-semi-round btn-size-extra-small btn-icon-pos-right\"  href=\"https:\/\/elcielektronik.com\/ekm-pro\/\">\n\t\t\t\t<span class=\"wd-btn-text\" data-elementor-setting-key=\"text\">\n\t\t\t\t\t\u00dcr\u00fcn\u00fc G\u00f6r\t\t\t\t<\/span>\n\n\t\t\t\t\t\t\t<\/a>\n\t\t<\/div>\n\t\t\t\t\t\t\t\t\t<\/div>\n\t\t\t\t\t\t\t\t\t\t\t<\/div>\n\t\t\t\t<\/div>\n\n\t\t\t\t\t\t\t\t\t<a href=\"https:\/\/elcielektronik.com\/ekm-pro\/\" class=\"wd-promo-banner-link wd-fill\" aria-label=\"Banner link\"><\/a>\n\t\t\t\t\t\t\t<\/div>\n\t\t<\/div>\n\t\t\t\t\t\t\t\t\t\t\t\t\t\t\t\t\t\t\t\t\t\t\t\t<div class=\"promo-banner-wrapper wd-carousel-item elementor-repeater-item-67af237\">\n\t\t\t<div class=\"promo-banner banner-content-background banner-hover-none color-scheme- banner-btn-size-extra-small banner-btn-style-default with-btn banner-btn-position-static wd-with-link\">\n\t\t\t\t<div class=\"main-wrapp-img\">\n\t\t\t\t\t<div class=\"banner-image\">\n\t\t\t\t\t\t\t\t\t\t\t\t\t\t\t\t\t\t\t\t\t<img loading=\"lazy\" decoding=\"async\" width=\"500\" height=\"500\" src=\"https:\/\/elcielektronik.com\/wp-content\/uploads\/2026\/02\/Untitled-design-6-5.png\" class=\"attachment-full size-full\" alt=\"\" srcset=\"https:\/\/elcielektronik.com\/wp-content\/uploads\/2026\/02\/Untitled-design-6-5.png 500w, https:\/\/elcielektronik.com\/wp-content\/uploads\/2026\/02\/Untitled-design-6-5-300x300.png 300w, https:\/\/elcielektronik.com\/wp-content\/uploads\/2026\/02\/Untitled-design-6-5-150x150.png 150w, https:\/\/elcielektronik.com\/wp-content\/uploads\/2026\/02\/Untitled-design-6-5-12x12.png 12w, https:\/\/elcielektronik.com\/wp-content\/uploads\/2026\/02\/Untitled-design-6-5-430x430.png 430w\" sizes=\"auto, (max-width: 500px) 100vw, 500px\" \/>\t\t\t\t\t\t\t\t\t\t\t\t\t\t\t\t\t\t<\/div>\n\t\t\t\t<\/div>\n\n\t\t\t\t<div class=\"wrapper-content-banner wd-fill wd-items-bottom wd-justify-left\">\n\t\t\t\t\t<div class=\"content-banner  text-left\">\n\t\t\t\t\t\t\n\t\t\t\t\t\t\t\t\t\t\t\t\t<h4 class=\"banner-title wd-fontsize-l\" data-elementor-setting-key=\"title\">\n\t\t\t\t\t\t\t\tEKM Plus 2\t\t\t\t\t\t\t<\/h4>\n\t\t\t\t\t\t\n\t\t\t\t\t\t\n\t\t\t\t\t\t\n\t\t\t\t\t\t\t\t\t\t\t\t\t<div class=\"banner-btn-wrapper\">\n\t\t\t\t\t\t\t\t\t\t<div class=\"wd-button-wrapper text-left\" >\n\t\t\t<a class=\"btn btn-style-default btn-shape-semi-round btn-size-extra-small btn-icon-pos-right\"  href=\"https:\/\/elcielektronik.com\/ekm-plus-2\/\">\n\t\t\t\t<span class=\"wd-btn-text\" data-elementor-setting-key=\"text\">\n\t\t\t\t\t\u00dcr\u00fcn\u00fc G\u00f6r\t\t\t\t<\/span>\n\n\t\t\t\t\t\t\t<\/a>\n\t\t<\/div>\n\t\t\t\t\t\t\t\t\t<\/div>\n\t\t\t\t\t\t\t\t\t\t\t<\/div>\n\t\t\t\t<\/div>\n\n\t\t\t\t\t\t\t\t\t<a href=\"https:\/\/elcielektronik.com\/ekm-plus-2\/\" class=\"wd-promo-banner-link wd-fill\" aria-label=\"Banner link\"><\/a>\n\t\t\t\t\t\t\t<\/div>\n\t\t<\/div>\n\t\t\t\t\t\t\t\t\t\t\t\t\t\t\t\t\t\t\t\t\t\t\t\t<div class=\"promo-banner-wrapper wd-carousel-item elementor-repeater-item-97a7b1d\">\n\t\t\t<div class=\"promo-banner banner-content-background banner-hover-none color-scheme- banner-btn-size-extra-small banner-btn-style-default with-btn banner-btn-position-static wd-with-link\">\n\t\t\t\t<div class=\"main-wrapp-img\">\n\t\t\t\t\t<div class=\"banner-image\">\n\t\t\t\t\t\t\t\t\t\t\t\t\t\t\t\t\t\t\t\t\t<img loading=\"lazy\" decoding=\"async\" width=\"500\" height=\"500\" src=\"https:\/\/elcielektronik.com\/wp-content\/uploads\/2026\/02\/Untitled-design-3-7.png\" class=\"attachment-full size-full\" alt=\"\" srcset=\"https:\/\/elcielektronik.com\/wp-content\/uploads\/2026\/02\/Untitled-design-3-7.png 500w, https:\/\/elcielektronik.com\/wp-content\/uploads\/2026\/02\/Untitled-design-3-7-300x300.png 300w, https:\/\/elcielektronik.com\/wp-content\/uploads\/2026\/02\/Untitled-design-3-7-150x150.png 150w, https:\/\/elcielektronik.com\/wp-content\/uploads\/2026\/02\/Untitled-design-3-7-12x12.png 12w, https:\/\/elcielektronik.com\/wp-content\/uploads\/2026\/02\/Untitled-design-3-7-430x430.png 430w\" sizes=\"auto, (max-width: 500px) 100vw, 500px\" \/>\t\t\t\t\t\t\t\t\t\t\t\t\t\t\t\t\t\t<\/div>\n\t\t\t\t<\/div>\n\n\t\t\t\t<div class=\"wrapper-content-banner wd-fill wd-items-bottom wd-justify-left\">\n\t\t\t\t\t<div class=\"content-banner  text-left\">\n\t\t\t\t\t\t\n\t\t\t\t\t\t\t\t\t\t\t\t\t<h4 class=\"banner-title wd-fontsize-l\" data-elementor-setting-key=\"title\">\n\t\t\t\t\t\t\t\tEKM Max 3\t\t\t\t\t\t\t<\/h4>\n\t\t\t\t\t\t\n\t\t\t\t\t\t\n\t\t\t\t\t\t\n\t\t\t\t\t\t\t\t\t\t\t\t\t<div class=\"banner-btn-wrapper\">\n\t\t\t\t\t\t\t\t\t\t<div class=\"wd-button-wrapper text-left\" >\n\t\t\t<a class=\"btn btn-style-default btn-shape-semi-round btn-size-extra-small btn-icon-pos-right\"  href=\"https:\/\/elcielektronik.com\/ekm-max-3\/\">\n\t\t\t\t<span class=\"wd-btn-text\" data-elementor-setting-key=\"text\">\n\t\t\t\t\t\u00dcr\u00fcn\u00fc G\u00f6r\t\t\t\t<\/span>\n\n\t\t\t\t\t\t\t<\/a>\n\t\t<\/div>\n\t\t\t\t\t\t\t\t\t<\/div>\n\t\t\t\t\t\t\t\t\t\t\t<\/div>\n\t\t\t\t<\/div>\n\n\t\t\t\t\t\t\t\t\t<a href=\"https:\/\/elcielektronik.com\/ekm-max-3\/\" class=\"wd-promo-banner-link wd-fill\" aria-label=\"Banner link\"><\/a>\n\t\t\t\t\t\t\t<\/div>\n\t\t<\/div>\n\t\t\t\t\t\t\t\t\t\t\t\t\t\t\t\t\t\t\t\t\t\t\t\t<div class=\"promo-banner-wrapper wd-carousel-item elementor-repeater-item-21b7130\">\n\t\t\t<div class=\"promo-banner banner-content-background banner-hover-none color-scheme- banner-btn-size-extra-small banner-btn-style-default with-btn banner-btn-position-static wd-with-link\">\n\t\t\t\t<div class=\"main-wrapp-img\">\n\t\t\t\t\t<div class=\"banner-image\">\n\t\t\t\t\t\t\t\t\t\t\t\t\t\t\t\t\t\t\t\t\t<img loading=\"lazy\" decoding=\"async\" width=\"500\" height=\"500\" src=\"https:\/\/elcielektronik.com\/wp-content\/uploads\/2026\/02\/Untitled-design-1-3-1.png\" class=\"attachment-full size-full\" alt=\"\" srcset=\"https:\/\/elcielektronik.com\/wp-content\/uploads\/2026\/02\/Untitled-design-1-3-1.png 500w, https:\/\/elcielektronik.com\/wp-content\/uploads\/2026\/02\/Untitled-design-1-3-1-300x300.png 300w, https:\/\/elcielektronik.com\/wp-content\/uploads\/2026\/02\/Untitled-design-1-3-1-150x150.png 150w, https:\/\/elcielektronik.com\/wp-content\/uploads\/2026\/02\/Untitled-design-1-3-1-12x12.png 12w, https:\/\/elcielektronik.com\/wp-content\/uploads\/2026\/02\/Untitled-design-1-3-1-430x430.png 430w\" sizes=\"auto, (max-width: 500px) 100vw, 500px\" \/>\t\t\t\t\t\t\t\t\t\t\t\t\t\t\t\t\t\t<\/div>\n\t\t\t\t<\/div>\n\n\t\t\t\t<div class=\"wrapper-content-banner wd-fill wd-items-bottom wd-justify-left\">\n\t\t\t\t\t<div class=\"content-banner  text-left\">\n\t\t\t\t\t\t\n\t\t\t\t\t\t\t\t\t\t\t\t\t<h4 class=\"banner-title wd-fontsize-l\" data-elementor-setting-key=\"title\">\n\t\t\t\t\t\t\t\tEKM ECO 3 S\t\t\t\t\t\t\t<\/h4>\n\t\t\t\t\t\t\n\t\t\t\t\t\t\n\t\t\t\t\t\t\n\t\t\t\t\t\t\t\t\t\t\t\t\t<div class=\"banner-btn-wrapper\">\n\t\t\t\t\t\t\t\t\t\t<div class=\"wd-button-wrapper text-left\" >\n\t\t\t<a class=\"btn btn-style-default btn-shape-semi-round btn-size-extra-small btn-icon-pos-right\"  href=\"https:\/\/elcielektronik.com\/ekm-eco-3s\/\">\n\t\t\t\t<span class=\"wd-btn-text\" data-elementor-setting-key=\"text\">\n\t\t\t\t\t\u00dcr\u00fcn\u00fc G\u00f6r\t\t\t\t<\/span>\n\n\t\t\t\t\t\t\t<\/a>\n\t\t<\/div>\n\t\t\t\t\t\t\t\t\t<\/div>\n\t\t\t\t\t\t\t\t\t\t\t<\/div>\n\t\t\t\t<\/div>\n\n\t\t\t\t\t\t\t\t\t<a href=\"https:\/\/elcielektronik.com\/ekm-eco-3s\/\" class=\"wd-promo-banner-link wd-fill\" aria-label=\"Banner link\"><\/a>\n\t\t\t\t\t\t\t<\/div>\n\t\t<\/div>\n\t\t\t\t\t\t\t\t\t\t\t\t\t\t\t\t\t\t\t\t\t\t\t\t<div class=\"promo-banner-wrapper wd-carousel-item elementor-repeater-item-f03efd3\">\n\t\t\t<div class=\"promo-banner banner-content-background banner-hover-none color-scheme- banner-btn-size-extra-small banner-btn-style-default with-btn banner-btn-position-static wd-with-link\">\n\t\t\t\t<div class=\"main-wrapp-img\">\n\t\t\t\t\t<div class=\"banner-image\">\n\t\t\t\t\t\t\t\t\t\t\t\t\t\t\t\t\t\t\t\t\t<img loading=\"lazy\" decoding=\"async\" width=\"500\" height=\"500\" src=\"https:\/\/elcielektronik.com\/wp-content\/uploads\/2026\/02\/Untitled-design-11-3.png\" class=\"attachment-full size-full\" alt=\"\" srcset=\"https:\/\/elcielektronik.com\/wp-content\/uploads\/2026\/02\/Untitled-design-11-3.png 500w, https:\/\/elcielektronik.com\/wp-content\/uploads\/2026\/02\/Untitled-design-11-3-300x300.png 300w, https:\/\/elcielektronik.com\/wp-content\/uploads\/2026\/02\/Untitled-design-11-3-150x150.png 150w, https:\/\/elcielektronik.com\/wp-content\/uploads\/2026\/02\/Untitled-design-11-3-12x12.png 12w, https:\/\/elcielektronik.com\/wp-content\/uploads\/2026\/02\/Untitled-design-11-3-430x430.png 430w\" sizes=\"auto, (max-width: 500px) 100vw, 500px\" \/>\t\t\t\t\t\t\t\t\t\t\t\t\t\t\t\t\t\t<\/div>\n\t\t\t\t<\/div>\n\n\t\t\t\t<div class=\"wrapper-content-banner wd-fill wd-items-bottom wd-justify-left\">\n\t\t\t\t\t<div class=\"content-banner  text-left\">\n\t\t\t\t\t\t\n\t\t\t\t\t\t\t\t\t\t\t\t\t<h4 class=\"banner-title wd-fontsize-l\" data-elementor-setting-key=\"title\">\n\t\t\t\t\t\t\t\tOGD\t\t\t\t\t\t\t<\/h4>\n\t\t\t\t\t\t\n\t\t\t\t\t\t\n\t\t\t\t\t\t\n\t\t\t\t\t\t\t\t\t\t\t\t\t<div class=\"banner-btn-wrapper\">\n\t\t\t\t\t\t\t\t\t\t<div class=\"wd-button-wrapper text-left\" >\n\t\t\t<a class=\"btn btn-style-default btn-shape-semi-round btn-size-extra-small btn-icon-pos-right\"  href=\"https:\/\/elcielektronik.com\/ogd\/\">\n\t\t\t\t<span class=\"wd-btn-text\" data-elementor-setting-key=\"text\">\n\t\t\t\t\t\u00dcr\u00fcn\u00fc G\u00f6r\t\t\t\t<\/span>\n\n\t\t\t\t\t\t\t<\/a>\n\t\t<\/div>\n\t\t\t\t\t\t\t\t\t<\/div>\n\t\t\t\t\t\t\t\t\t\t\t<\/div>\n\t\t\t\t<\/div>\n\n\t\t\t\t\t\t\t\t\t<a href=\"https:\/\/elcielektronik.com\/ogd\/\" class=\"wd-promo-banner-link wd-fill\" aria-label=\"Banner link\"><\/a>\n\t\t\t\t\t\t\t<\/div>\n\t\t<\/div>\n\t\t\t\t\t\t\t\t\t\t\t\t\t<\/div>\n\t\t\t\t<\/div>\n\n\t\t\t\t\t\t\t\t\t\t\t<div class=\"wd-nav-arrows wd-pos-sep wd-hover-1 wd-icon-1\">\n\t\t\t<div class=\"wd-btn-arrow wd-prev wd-disabled\">\n\t\t\t\t<div class=\"wd-arrow-inner\"><\/div>\n\t\t\t<\/div>\n\t\t\t<div class=\"wd-btn-arrow wd-next\">\n\t\t\t\t<div class=\"wd-arrow-inner\"><\/div>\n\t\t\t<\/div>\n\t\t<\/div>\n\t\t\t\t\t\t\t\t\t<\/div>\n\n\t\t\t\t\t\t\t\t<\/div>\n\t\t\t\t\t\t<\/div>\n\t\t\t\t<\/div>\n\t\t\t\t<\/div>\n\t\t\t\t<\/div>\n\t\t","protected":false},"excerpt":{"rendered":"<p>Vakum Pompas\u0131 &amp; Ya\u011flar\u0131 AnasayfaSayfa Value Vakum Pompas\u0131 Par\u00e7a No: ELC-CC26V \/ ELC-CC27V \/ ELC-CC29V \/ ELC-CC30V Klima gaz dolum<\/p>\n","protected":false},"author":1,"featured_media":0,"parent":0,"menu_order":0,"comment_status":"closed","ping_status":"closed","template":"","meta":{"_joinchat":[],"footnotes":""},"class_list":["post-17286","page","type-page","status-publish","hentry"],"aioseo_notices":[],"_links":{"self":[{"href":"https:\/\/elcielektronik.com\/tr\/wp-json\/wp\/v2\/pages\/17286","targetHints":{"allow":["GET"]}}],"collection":[{"href":"https:\/\/elcielektronik.com\/tr\/wp-json\/wp\/v2\/pages"}],"about":[{"href":"https:\/\/elcielektronik.com\/tr\/wp-json\/wp\/v2\/types\/page"}],"author":[{"embeddable":true,"href":"https:\/\/elcielektronik.com\/tr\/wp-json\/wp\/v2\/users\/1"}],"replies":[{"embeddable":true,"href":"https:\/\/elcielektronik.com\/tr\/wp-json\/wp\/v2\/comments?post=17286"}],"version-history":[{"count":14,"href":"https:\/\/elcielektronik.com\/tr\/wp-json\/wp\/v2\/pages\/17286\/revisions"}],"predecessor-version":[{"id":18429,"href":"https:\/\/elcielektronik.com\/tr\/wp-json\/wp\/v2\/pages\/17286\/revisions\/18429"}],"wp:attachment":[{"href":"https:\/\/elcielektronik.com\/tr\/wp-json\/wp\/v2\/media?parent=17286"}],"curies":[{"name":"wp","href":"https:\/\/api.w.org\/{rel}","templated":true}]}}